{"id":96,"date":"2019-05-06T19:52:57","date_gmt":"2019-05-06T17:52:57","guid":{"rendered":"http:\/\/www.alterego-educationcanine.fr\/?page_id=96"},"modified":"2019-05-15T17:12:02","modified_gmt":"2019-05-15T15:12:02","slug":"me-contacter","status":"publish","type":"page","link":"https:\/\/www.alterego-educationcanine.fr\/index.php\/me-contacter\/","title":{"rendered":"Me contacter"},"content":{"rendered":"\n<div class=\"wp-block-image\"><figure class=\"alignright is-resized\"><img loading=\"lazy\" decoding=\"async\" src=\"http:\/\/www.alterego-educationcanine.fr\/wp-content\/uploads\/2019\/05\/June-Icko-1024x681.jpg\" alt=\"\" class=\"wp-image-258\" width=\"512\" height=\"341\" srcset=\"https:\/\/www.alterego-educationcanine.fr\/wp-content\/uploads\/2019\/05\/June-Icko-1024x681.jpg 1024w, https:\/\/www.alterego-educationcanine.fr\/wp-content\/uploads\/2019\/05\/June-Icko-300x200.jpg 300w, https:\/\/www.alterego-educationcanine.fr\/wp-content\/uploads\/2019\/05\/June-Icko-768x511.jpg 768w, https:\/\/www.alterego-educationcanine.fr\/wp-content\/uploads\/2019\/05\/June-Icko-1140x758.jpg 1140w\" sizes=\"auto, (max-width: 512px) 100vw, 512px\" \/><\/figure><\/div>\n\n\n\n<p style=\"color:#01233f;text-align:center\" class=\"has-text-color\"><br><br><br><strong>alterego.education@gmail.com<\/strong><br><strong><br> 06.71.76.53.32<\/strong><br><strong><br>facebook: <a href=\"https:\/\/www.facebook.com\/alterego.education33\/\">@alterego.education33<\/a><\/strong><br><br><\/p>\n\n\n\n<p style=\"color:#01233f;font-size:31px;text-align:center\" class=\"has-text-color\"><br><br><br><br><br><br><br>Vous pouvez \u00e9galement remplir le formulaire ci dessous <\/p>\n\n\n\t\t\t<link rel=\"stylesheet\" property=\"stylesheet\" href=\"https:\/\/www.alterego-educationcanine.fr\/wp-content\/plugins\/happyforms\/inc\/core\/assets\/css\/layout.css?1.8.6\" \/>\n\t\t\t\t\t\t<link rel=\"stylesheet\" property=\"stylesheet\" href=\"https:\/\/www.alterego-educationcanine.fr\/wp-content\/plugins\/happyforms\/inc\/core\/assets\/css\/color.css?1.8.6\" \/>\n\t\t\t\t<!-- HappyForms CSS variables -->\n\t<style>\n\t#happyforms-256 {\n\t\t--happyforms-form-width: 100;\n--happyforms-form-title-font-size: 30px;\n--happyforms-part-title-font-size: 14px;\n--happyforms-part-description-font-size: 14px;\n--happyforms-part-value-font-size: 16px;\n--happyforms-submit-button-font-size: 18px;\n--happyforms-color-primary: #01233f;\n--happyforms-color-success-notice: #ebf9f0;\n--happyforms-color-success-notice-text: #9d0407;\n--happyforms-color-error: #ff0000;\n--happyforms-color-error-notice: #ffeae5;\n--happyforms-color-error-notice-text: #ff4200;\n--happyforms-color-part-title: #01233f;\n--happyforms-color-part-value: #000000;\n--happyforms-color-part-placeholder: #888888;\n--happyforms-color-part-border: #01233f;\n--happyforms-color-part-border-focus: #9d0407;\n--happyforms-color-part-background: #ffffff;\n--happyforms-color-part-background-focus: #f4f4f4;\n--happyforms-color-submit-background: #01233f;\n--happyforms-color-submit-background-hover: #9d0407;\n--happyforms-color-submit-border: transparent;\n--happyforms-color-submit-text: #ffffff;\n--happyforms-color-submit-text-hover: #ffffff;\n--happyforms-color-rating: #cccccc;\n--happyforms-color-rating-hover: #f39c00;\n--happyforms-color-rating-bg: #efefef;\n--happyforms-color-rating-bg-hover: #407fff;\n--happyforms-color-table-row-odd: #fcfcfc;\n--happyforms-color-table-row-even: #efefef;\n--happyforms-color-table-row-odd-text: #000000;\n--happyforms-color-table-row-even-text: #000000;\n--happyforms-color-choice-checkmark-bg: #ffffff;\n--happyforms-color-choice-checkmark-bg-focus: #000000;\n--happyforms-color-choice-checkmark-color: #ffffff;\n--happyforms-color-dropdown-item-bg: #ffffff;\n--happyforms-color-dropdown-item-text: #000000;\n--happyforms-color-dropdown-item-bg-hover: #dbdbdb;\n--happyforms-color-dropdown-item-text-hover: #000000;\n\t}\n\t<\/style>\n\t<!-- End of HappyForms CSS variables -->\n\t<div class=\"happyforms-form happyforms-styles happyforms-form--hide-title happyforms-form--title-text-align-center happyforms-form--submit-button-align-center\" id=\"happyforms-256\">\n\t<h3 class=\"happyforms-form__title\">Vous pouvez \u00e9galement remplir le formulaire ci dessous<\/h3>\n\t<form action=\"\" id=\"happyforms-form-256\" method=\"post\" >\n\t\t\n\t\t\t<input type=\"hidden\" name=\"action\" value=\"happyforms_message\">\n\t\t\t\t<input type=\"hidden\" name=\"happyforms_form_id\" value=\"256\" \/>\n\t\t\t<input type=\"hidden\" id=\"happyforms_message_nonce\" name=\"happyforms_message_nonce\" value=\"2238bbbf1d\" \/><input type=\"hidden\" name=\"_wp_http_referer\" value=\"\/index.php\/wp-json\/wp\/v2\/pages\/96\" \/>\t\t\t<input type=\"hidden\" name=\"happyforms_step\" value=\"0\" \/>\n\t\n\t\t<div class=\"happyforms-flex\">\n\t\t\t\t\t\t\t<label>\n\t\t<input type=\"checkbox\" name=\"256single_line_text_-1\" value=\"1\" style=\"display: none;\" tabindex=\"-1\" autocomplete=\"off\"> <span class=\"screen-reader-text\">Spam protection, skip this field<\/span>\n\t<\/label>\n\t\t\t\t\t\t\t\t\t\t<div class=\"happyforms-form__part happyforms-part happyforms-part--single_line_text happyforms-part--width-full happyforms-part--label-above\" id=\"happyforms-256_single_line_text_10-part\" data-happyforms-type=\"single_line_text\" data-happyforms-required=\"\">\n\t<div class=\"happyforms-part-wrap\">\n\t\t\t\t\t\t<label for=\"happyforms-256_single_line_text_10\" class=\"happyforms-part__label\">\n\t\t<span class=\"label\">Nom<\/span>\n\t\t\t\t\t\t\t<span class=\"happyforms-optional\">(facultatif)<\/span>\n\t\t\t<\/label>\n\t\t\t\n\t\t<div class=\"happyforms-part__el\">\n\t\t\t\n\t\t\t<input id=\"happyforms-256_single_line_text_10\" type=\"text\" name=\"256_single_line_text_10\" value=\"\" placeholder=\"\" required aria-required=\"true\"  \/>\n\t\t\t\n\t\t\t\n\t\t\t\t\t\t<span class=\"happyforms-part__description\"><\/span>\n\t\t\t\t\n\t\t\t\t\t<\/div>\n\t<\/div>\n<\/div><div class=\"happyforms-form__part happyforms-part happyforms-part--single_line_text happyforms-part--width-full happyforms-part--label-above\" id=\"happyforms-256_single_line_text_12-part\" data-happyforms-type=\"single_line_text\">\n\t<div class=\"happyforms-part-wrap\">\n\t\t\t\t\t\t<label for=\"happyforms-256_single_line_text_12\" class=\"happyforms-part__label\">\n\t\t<span class=\"label\">Pr\u00e9nom<\/span>\n\t\t\t\t\t\t\t<span class=\"happyforms-optional\">(facultatif)<\/span>\n\t\t\t<\/label>\n\t\t\t\n\t\t<div class=\"happyforms-part__el\">\n\t\t\t\n\t\t\t<input id=\"happyforms-256_single_line_text_12\" type=\"text\" name=\"256_single_line_text_12\" value=\"\" placeholder=\"\"   \/>\n\t\t\t\n\t\t\t\n\t\t\t\t\t\t<span class=\"happyforms-part__description\"><\/span>\n\t\t\t\t\n\t\t\t\t\t<\/div>\n\t<\/div>\n<\/div><div class=\"happyforms-phone--plain happyforms-form__part happyforms-part happyforms-part--phone happyforms-part--width-full happyforms-part--label-above\" id=\"happyforms-256_phone_7-part\" data-happyforms-type=\"phone\">\n\t<div class=\"happyforms-part-wrap\">\n\t\t\t\t\t\t<label for=\"happyforms-256_phone_7\" class=\"happyforms-part__label\">\n\t\t<span class=\"label\">Num\u00e9ro de t\u00e9l\u00e9phone<\/span>\n\t\t\t\t\t\t\t<span class=\"happyforms-optional\">(facultatif)<\/span>\n\t\t\t<\/label>\n\t\t\t\n\t\t<div class=\"happyforms-part__el\">\n\t\t\t<div class=\"happyforms-part-phone-wrap\">\n\t\t\t\t\n\t\t\t\t\n\t\t\t\t\t\t\t\t\t\t\t\t<input id=\"happyforms-256_phone_7\" type=\"text\" value=\"\" name=\"256_phone_7[number]\" placeholder=\"\"   \/>\n\t\t\t\t\n\t\t\t\t\t\t\t<\/div>\n\n\t\t\t\t\t\t<span class=\"happyforms-part__description\"><\/span>\n\t\n\t\t\t\t\t<\/div>\n\t<\/div>\n\t<\/div><div class=\"happyforms-part--with-autocomplete happyforms-form__part happyforms-part happyforms-part--email happyforms-part--width-full happyforms-part--label-above\" id=\"happyforms-256_email_8-part\" data-mode=\"autocomplete\" data-happyforms-type=\"email\" data-happyforms-required=\"\">\n\t<div class=\"happyforms-part-wrap\">\n\t\t\t\t\t\t<label for=\"happyforms-256_email_8\" class=\"happyforms-part__label\">\n\t\t<span class=\"label\">Adresse Email<\/span>\n\t\t\t\t\t\t\t<span class=\"happyforms-optional\">(facultatif)<\/span>\n\t\t\t<\/label>\n\t\t\t\n\t\t<div class=\"happyforms-part__el\">\n\t\t\t\n\t\t\t\t\t\t\t<input type=\"hidden\" name=\"256_email_8\" value=\"\" data-serialize \/>\n\n\t\t\t\t<input type=\"email\" name=\"happyforms-256_email_8_dummy_1776276819\" id=\"happyforms-256_email_8\" value=\"\" autocomplete=\"none\" placeholder=\"\"  required aria-required=\"true\"  \/>\n\t\t\t\t\t\t\t\t\t\n\t\t\t<ul class=\"happyforms-custom-select-dropdown\">\n\t<li class=\"happyforms-custom-select-dropdown__placeholder\" data-value=\"\"><\/li>\n\t<\/ul>\n\t\t\t\t\t\t<span class=\"happyforms-part__description\"><\/span>\n\t\t\t\t\n\t\t\t\t\t<\/div>\n\t<\/div>\n\t<\/div><div class=\"happyforms-form__part happyforms-part happyforms-part--multi_line_text happyforms-part--width-full happyforms-part--label-above\" id=\"happyforms-256_multi_line_text_11-part\" data-happyforms-type=\"multi_line_text\" data-happyforms-required=\"\">\n\t<div class=\"happyforms-part-wrap\">\n\t\t\t\t\t\t<label for=\"happyforms-256_multi_line_text_11\" class=\"happyforms-part__label\">\n\t\t<span class=\"label\">Quelle est votre demande?<\/span>\n\t\t\t\t\t\t\t<span class=\"happyforms-optional\">(facultatif)<\/span>\n\t\t\t<\/label>\n\t\t\t\n\t\t<div class=\"happyforms-part__el\">\n\t\t\t\n\t\t\t<textarea id=\"happyforms-256_multi_line_text_11\" name=\"256_multi_line_text_11\" rows=\"5\" placeholder=\"\" required aria-required=\"true\" ><\/textarea>\n\t\t\t\n\t\t\t\n\t\t\t\t\t\t<span class=\"happyforms-part__description\"><\/span>\n\t\n\t\t\t\t\t<\/div>\n\t<\/div>\n<\/div>\t\t\t\t\t\t\t\t\t<div class=\"happyforms-form__part happyforms-part happyforms-part--submit\">\n\t\t<input type=\"submit\" class=\"happyforms-submit happyforms-button--submit \" value=\"Envoyer\"  disabled>\n\t<\/div>\t\t<\/div>\n\n\t\t\t<\/form>\n\n\t<\/div>\n\n\n<p><\/p>\n","protected":false},"excerpt":{"rendered":"<p>alterego.education@gmail.com 06.71.76.53.32facebook: @alterego.education33 Vous pouvez \u00e9galement remplir le formulaire ci dessous<\/p>\n","protected":false},"author":1,"featured_media":0,"parent":0,"menu_order":0,"comment_status":"closed","ping_status":"closed","template":"","meta":{"_monsterinsights_skip_tracking":false,"_monsterinsights_sitenote_active":false,"_monsterinsights_sitenote_note":"","_monsterinsights_sitenote_category":0,"footnotes":""},"class_list":["post-96","page","type-page","status-publish","hentry"],"_links":{"self":[{"href":"https:\/\/www.alterego-educationcanine.fr\/index.php\/wp-json\/wp\/v2\/pages\/96","targetHints":{"allow":["GET"]}}],"collection":[{"href":"https:\/\/www.alterego-educationcanine.fr\/index.php\/wp-json\/wp\/v2\/pages"}],"about":[{"href":"https:\/\/www.alterego-educationcanine.fr\/index.php\/wp-json\/wp\/v2\/types\/page"}],"author":[{"embeddable":true,"href":"https:\/\/www.alterego-educationcanine.fr\/index.php\/wp-json\/wp\/v2\/users\/1"}],"replies":[{"embeddable":true,"href":"https:\/\/www.alterego-educationcanine.fr\/index.php\/wp-json\/wp\/v2\/comments?post=96"}],"version-history":[{"count":9,"href":"https:\/\/www.alterego-educationcanine.fr\/index.php\/wp-json\/wp\/v2\/pages\/96\/revisions"}],"predecessor-version":[{"id":346,"href":"https:\/\/www.alterego-educationcanine.fr\/index.php\/wp-json\/wp\/v2\/pages\/96\/revisions\/346"}],"wp:attachment":[{"href":"https:\/\/www.alterego-educationcanine.fr\/index.php\/wp-json\/wp\/v2\/media?parent=96"}],"curies":[{"name":"wp","href":"https:\/\/api.w.org\/{rel}","templated":true}]}}