{"id":85,"date":"2019-05-06T19:16:31","date_gmt":"2019-05-06T17:16:31","guid":{"rendered":"http:\/\/www.alterego-educationcanine.fr\/?page_id=85"},"modified":"2026-03-17T12:32:56","modified_gmt":"2026-03-17T11:32:56","slug":"pet-sitting","status":"publish","type":"page","link":"https:\/\/www.alterego-educationcanine.fr\/index.php\/pet-sitting\/","title":{"rendered":"Tarifs Pet Sitting"},"content":{"rendered":"\n<p>Contrairement \u00e0 une croyance r\u00e9pandue, il est tr\u00e8s difficile pour un chat de rester seul plusieurs jours lorsqu&rsquo;il est habitu\u00e9 \u00e0 votre pr\u00e9sence au quotidien. C&rsquo;est pourquoi je prends votre relais \u00e0 Bordeaux Bastide, Cenon et communes alentours lors de vos absences pour prendre soin de vos petits f\u00e9lins. Et pour les NAC (Nouveaux Animaux de Compagnie): Rassurez vous, je prends \u00e9galement en charge vos plus petits compagnons. Lapins, rats, tortue&#8230; tous seront trait\u00e9s avec la m\u00eame attention et les m\u00eames soins.<\/p>\n\n\n\n<p class=\"has-text-align-left\">Et pour que la garde se passe au mieux et que vous puissiez partir l&rsquo;esprit serein, une pr\u00e9visite est syst\u00e9matiquement r\u00e9alis\u00e9e \u00e0 votre domicile avant toute premi\u00e8re garde. D\u00e9couvrez les tarifs ci dessous ou <strong><a href=\"http:\/\/www.alterego-educationcanine.fr\/index.php\/me-contacter\/\">contactez moi<\/a><\/strong> pour obtenir un devis personnalis\u00e9. Attention, des frais de d\u00e9placements peuvent s&rsquo;ajouter selon votre zone d&rsquo;habitation.<br><br><\/p>\n\n\n\n<figure class=\"wp-block-image\"><img loading=\"lazy\" decoding=\"async\" width=\"795\" height=\"195\" src=\"http:\/\/www.alterego-educationcanine.fr\/wp-content\/uploads\/2024\/03\/tarifs-pet-sitting.jpg\" alt=\"\" class=\"wp-image-495\" srcset=\"https:\/\/www.alterego-educationcanine.fr\/wp-content\/uploads\/2024\/03\/tarifs-pet-sitting.jpg 795w, https:\/\/www.alterego-educationcanine.fr\/wp-content\/uploads\/2024\/03\/tarifs-pet-sitting-300x74.jpg 300w, https:\/\/www.alterego-educationcanine.fr\/wp-content\/uploads\/2024\/03\/tarifs-pet-sitting-768x188.jpg 768w\" sizes=\"auto, (max-width: 795px) 100vw, 795px\" \/><\/figure>\n\n\n\n<p><strong>Visite standard<\/strong>: Visite \u00e0 domicile d&rsquo;une dur\u00e9e maximale de 45 minutes<br><strong>Visite confort<\/strong>: Visite \u00e0 domicile d&rsquo;1h<\/p>\n","protected":false},"excerpt":{"rendered":"<p>Contrairement \u00e0 une croyance r\u00e9pandue, il est tr\u00e8s difficile pour un chat de rester seul plusieurs jours lorsqu&rsquo;il est habitu\u00e9 \u00e0 votre pr\u00e9sence au quotidien. C&rsquo;est pourquoi je prends votre relais \u00e0 Bordeaux Bastide, Cenon et communes alentours lors de vos absences pour prendre soin de vos petits f\u00e9lins. Et pour les NAC (Nouveaux Animaux de Compagnie): Rassurez vous, je prends \u00e9galement en charge vos plus petits compagnons. Lapins, rats, tortue&#8230; tous seront trait\u00e9s avec la m\u00eame attention et les m\u00eames soins. Et pour que la garde se passe au mieux et que vous puissiez partir l&rsquo;esprit serein, une pr\u00e9visite est syst\u00e9matiquement r\u00e9alis\u00e9e \u00e0 votre domicile avant toute premi\u00e8re garde. D\u00e9couvrez les tarifs ci dessous ou contactez moi pour obtenir un devis personnalis\u00e9. Attention, des frais de d\u00e9placements peuvent s&rsquo;ajouter selon votre zone d&rsquo;habitation. Visite standard: Visite \u00e0 domicile d&rsquo;une dur\u00e9e maximale de 45 minutesVisite confort: Visite \u00e0 domicile d&rsquo;1h<\/p>\n","protected":false},"author":1,"featured_media":0,"parent":0,"menu_order":0,"comment_status":"closed","ping_status":"closed","template":"","meta":{"_monsterinsights_skip_tracking":false,"_monsterinsights_sitenote_active":false,"_monsterinsights_sitenote_note":"","_monsterinsights_sitenote_category":0,"footnotes":""},"class_list":["post-85","page","type-page","status-publish","hentry"],"_links":{"self":[{"href":"https:\/\/www.alterego-educationcanine.fr\/index.php\/wp-json\/wp\/v2\/pages\/85","targetHints":{"allow":["GET"]}}],"collection":[{"href":"https:\/\/www.alterego-educationcanine.fr\/index.php\/wp-json\/wp\/v2\/pages"}],"about":[{"href":"https:\/\/www.alterego-educationcanine.fr\/index.php\/wp-json\/wp\/v2\/types\/page"}],"author":[{"embeddable":true,"href":"https:\/\/www.alterego-educationcanine.fr\/index.php\/wp-json\/wp\/v2\/users\/1"}],"replies":[{"embeddable":true,"href":"https:\/\/www.alterego-educationcanine.fr\/index.php\/wp-json\/wp\/v2\/comments?post=85"}],"version-history":[{"count":9,"href":"https:\/\/www.alterego-educationcanine.fr\/index.php\/wp-json\/wp\/v2\/pages\/85\/revisions"}],"predecessor-version":[{"id":657,"href":"https:\/\/www.alterego-educationcanine.fr\/index.php\/wp-json\/wp\/v2\/pages\/85\/revisions\/657"}],"wp:attachment":[{"href":"https:\/\/www.alterego-educationcanine.fr\/index.php\/wp-json\/wp\/v2\/media?parent=85"}],"curies":[{"name":"wp","href":"https:\/\/api.w.org\/{rel}","templated":true}]}}