{"id":83,"date":"2019-05-06T19:16:05","date_gmt":"2019-05-06T17:16:05","guid":{"rendered":"http:\/\/www.alterego-educationcanine.fr\/?page_id=83"},"modified":"2023-07-17T18:08:53","modified_gmt":"2023-07-17T16:08:53","slug":"promenades-de-chien-2","status":"publish","type":"page","link":"https:\/\/www.alterego-educationcanine.fr\/index.php\/promenades-de-chien-2\/","title":{"rendered":"Tarifs Promenades de chien"},"content":{"rendered":"\n<p style=\"text-align:left\">Que vous soyez absent pour la journ\u00e9e ou que vous manquiez de temps pour combler les besoins de votre chien, je prendrai le relais pour lui garantir son quota de sortie. Que votre besoin soit ponctuel ou quotidien, vous trouverez le d\u00e9tail des forfaits propos\u00e9s ci-dessous. Pour toute demande particuli\u00e8re, vous pouvez \u00e9galement <strong><a href=\"http:\/\/www.alterego-educationcanine.fr\/index.php\/me-contacter\/\">me contacter<\/a><\/strong> pour obtenir votre devis personnalis\u00e9.<br><br><\/p>\n\n\n\n<figure class=\"wp-block-image\"><img loading=\"lazy\" decoding=\"async\" width=\"1024\" height=\"229\" src=\"http:\/\/www.alterego-educationcanine.fr\/wp-content\/uploads\/2022\/06\/tarifs-promenades-2022-1024x229.jpg\" alt=\"\" class=\"wp-image-478\" srcset=\"https:\/\/www.alterego-educationcanine.fr\/wp-content\/uploads\/2022\/06\/tarifs-promenades-2022-1024x229.jpg 1024w, https:\/\/www.alterego-educationcanine.fr\/wp-content\/uploads\/2022\/06\/tarifs-promenades-2022-300x67.jpg 300w, https:\/\/www.alterego-educationcanine.fr\/wp-content\/uploads\/2022\/06\/tarifs-promenades-2022-768x172.jpg 768w, https:\/\/www.alterego-educationcanine.fr\/wp-content\/uploads\/2022\/06\/tarifs-promenades-2022.jpg 1128w\" sizes=\"auto, (max-width: 1024px) 100vw, 1024px\" \/><\/figure>\n","protected":false},"excerpt":{"rendered":"<p>Que vous soyez absent pour la journ\u00e9e ou que vous manquiez de temps pour combler les besoins de votre chien, je prendrai le relais pour lui garantir son quota de sortie. Que votre besoin soit ponctuel ou quotidien, vous trouverez le d\u00e9tail des forfaits propos\u00e9s ci-dessous. Pour toute demande particuli\u00e8re, vous pouvez \u00e9galement me contacter pour obtenir votre devis personnalis\u00e9.<\/p>\n","protected":false},"author":1,"featured_media":0,"parent":0,"menu_order":0,"comment_status":"closed","ping_status":"closed","template":"","meta":{"_monsterinsights_skip_tracking":false,"_monsterinsights_sitenote_active":false,"_monsterinsights_sitenote_note":"","_monsterinsights_sitenote_category":0,"footnotes":""},"class_list":["post-83","page","type-page","status-publish","hentry"],"_links":{"self":[{"href":"https:\/\/www.alterego-educationcanine.fr\/index.php\/wp-json\/wp\/v2\/pages\/83","targetHints":{"allow":["GET"]}}],"collection":[{"href":"https:\/\/www.alterego-educationcanine.fr\/index.php\/wp-json\/wp\/v2\/pages"}],"about":[{"href":"https:\/\/www.alterego-educationcanine.fr\/index.php\/wp-json\/wp\/v2\/types\/page"}],"author":[{"embeddable":true,"href":"https:\/\/www.alterego-educationcanine.fr\/index.php\/wp-json\/wp\/v2\/users\/1"}],"replies":[{"embeddable":true,"href":"https:\/\/www.alterego-educationcanine.fr\/index.php\/wp-json\/wp\/v2\/comments?post=83"}],"version-history":[{"count":8,"href":"https:\/\/www.alterego-educationcanine.fr\/index.php\/wp-json\/wp\/v2\/pages\/83\/revisions"}],"predecessor-version":[{"id":489,"href":"https:\/\/www.alterego-educationcanine.fr\/index.php\/wp-json\/wp\/v2\/pages\/83\/revisions\/489"}],"wp:attachment":[{"href":"https:\/\/www.alterego-educationcanine.fr\/index.php\/wp-json\/wp\/v2\/media?parent=83"}],"curies":[{"name":"wp","href":"https:\/\/api.w.org\/{rel}","templated":true}]}}