{"id":81,"date":"2019-05-06T19:15:50","date_gmt":"2019-05-06T17:15:50","guid":{"rendered":"http:\/\/www.alterego-educationcanine.fr\/?page_id=81"},"modified":"2024-04-04T17:48:00","modified_gmt":"2024-04-04T15:48:00","slug":"education-canine-2","status":"publish","type":"page","link":"https:\/\/www.alterego-educationcanine.fr\/index.php\/education-canine-2\/","title":{"rendered":"Tarifs Education canine"},"content":{"rendered":"\n<p>Que vous souhaitiez apprendre les bases \u00e0 votre compagnon canin, bien socialiser votre chien ou \u00eatre accompagn\u00e9 sur un travail de r\u00e9\u00e9ducation, nous d\u00e9marrerons toujours par un bilan comportemental. R\u00e9alis\u00e9 \u00e0 votre domicile, celui ci a pour but de cerner vos probl\u00e9matiques, d\u00e9terminer vos objectifs et fixer un programme de travail adapt\u00e9 \u00e0 vos attentes. A l&rsquo;issue de ce bilan, le travail se poursuit soit en autonomie avec votre chien soit en s\u00e9ance individuelle. Des promenades collectives ou cani-rando peuvent \u00e9galement vous \u00eatre propos\u00e9es pour approfondir les apprentissages ou tout simplement pour profiter d&rsquo;un moment convivial avec votre loulou.<br><br><\/p>\n\n\n\n<div class=\"wp-block-image\"><figure class=\"aligncenter\"><img loading=\"lazy\" decoding=\"async\" width=\"795\" height=\"88\" src=\"http:\/\/www.alterego-educationcanine.fr\/wp-content\/uploads\/2024\/04\/tarifs-\u00e9ducation-canine.jpg\" alt=\"\" class=\"wp-image-500\" srcset=\"https:\/\/www.alterego-educationcanine.fr\/wp-content\/uploads\/2024\/04\/tarifs-\u00e9ducation-canine.jpg 795w, https:\/\/www.alterego-educationcanine.fr\/wp-content\/uploads\/2024\/04\/tarifs-\u00e9ducation-canine-300x33.jpg 300w, https:\/\/www.alterego-educationcanine.fr\/wp-content\/uploads\/2024\/04\/tarifs-\u00e9ducation-canine-768x85.jpg 768w\" sizes=\"auto, (max-width: 795px) 100vw, 795px\" \/><\/figure><\/div>\n","protected":false},"excerpt":{"rendered":"<p>Que vous souhaitiez apprendre les bases \u00e0 votre compagnon canin, bien socialiser votre chien ou \u00eatre accompagn\u00e9 sur un travail de r\u00e9\u00e9ducation, nous d\u00e9marrerons toujours par un bilan comportemental. R\u00e9alis\u00e9 \u00e0 votre domicile, celui ci a pour but de cerner vos probl\u00e9matiques, d\u00e9terminer vos objectifs et fixer un programme de travail adapt\u00e9 \u00e0 vos attentes. A l&rsquo;issue de ce bilan, le travail se poursuit soit en autonomie avec votre chien soit en s\u00e9ance individuelle. Des promenades collectives ou cani-rando peuvent \u00e9galement vous \u00eatre propos\u00e9es pour approfondir les apprentissages ou tout simplement pour profiter d&rsquo;un moment convivial avec votre loulou.<\/p>\n","protected":false},"author":1,"featured_media":0,"parent":0,"menu_order":0,"comment_status":"closed","ping_status":"closed","template":"","meta":{"_monsterinsights_skip_tracking":false,"_monsterinsights_sitenote_active":false,"_monsterinsights_sitenote_note":"","_monsterinsights_sitenote_category":0,"footnotes":""},"class_list":["post-81","page","type-page","status-publish","hentry"],"_links":{"self":[{"href":"https:\/\/www.alterego-educationcanine.fr\/index.php\/wp-json\/wp\/v2\/pages\/81","targetHints":{"allow":["GET"]}}],"collection":[{"href":"https:\/\/www.alterego-educationcanine.fr\/index.php\/wp-json\/wp\/v2\/pages"}],"about":[{"href":"https:\/\/www.alterego-educationcanine.fr\/index.php\/wp-json\/wp\/v2\/types\/page"}],"author":[{"embeddable":true,"href":"https:\/\/www.alterego-educationcanine.fr\/index.php\/wp-json\/wp\/v2\/users\/1"}],"replies":[{"embeddable":true,"href":"https:\/\/www.alterego-educationcanine.fr\/index.php\/wp-json\/wp\/v2\/comments?post=81"}],"version-history":[{"count":13,"href":"https:\/\/www.alterego-educationcanine.fr\/index.php\/wp-json\/wp\/v2\/pages\/81\/revisions"}],"predecessor-version":[{"id":502,"href":"https:\/\/www.alterego-educationcanine.fr\/index.php\/wp-json\/wp\/v2\/pages\/81\/revisions\/502"}],"wp:attachment":[{"href":"https:\/\/www.alterego-educationcanine.fr\/index.php\/wp-json\/wp\/v2\/media?parent=81"}],"curies":[{"name":"wp","href":"https:\/\/api.w.org\/{rel}","templated":true}]}}