{"id":67,"date":"2019-05-06T19:12:51","date_gmt":"2019-05-06T17:12:51","guid":{"rendered":"http:\/\/www.alterego-educationcanine.fr\/?page_id=67"},"modified":"2019-05-13T22:35:44","modified_gmt":"2019-05-13T20:35:44","slug":"promenades-de-chien","status":"publish","type":"page","link":"https:\/\/www.alterego-educationcanine.fr\/index.php\/promenades-de-chien\/","title":{"rendered":"Promenades de chien"},"content":{"rendered":"\n<div class=\"wp-block-image\"><figure class=\"alignleft is-resized\"><img loading=\"lazy\" decoding=\"async\" src=\"http:\/\/www.alterego-educationcanine.fr\/wp-content\/uploads\/2019\/05\/Naylin.jpg\" alt=\"\" class=\"wp-image-93\" width=\"449\" height=\"242\" srcset=\"https:\/\/www.alterego-educationcanine.fr\/wp-content\/uploads\/2019\/05\/Naylin.jpg 897w, https:\/\/www.alterego-educationcanine.fr\/wp-content\/uploads\/2019\/05\/Naylin-300x162.jpg 300w, https:\/\/www.alterego-educationcanine.fr\/wp-content\/uploads\/2019\/05\/Naylin-768x414.jpg 768w\" sizes=\"auto, (max-width: 449px) 100vw, 449px\" \/><\/figure><\/div>\n\n\n\n<p>Que vous travailliez, que vous soyez absent pour la journ\u00e9e ou momentan\u00e9ment immobilis\u00e9, votre chien doit parfois affronter de longues journ\u00e9es de solitude ou de confinement \u00e0 la maison. Pourtant, il est important pour l&rsquo;\u00e9quilibre mental d&rsquo;un chien de pouvoir se d\u00e9penser physiquement, d&rsquo;explorer, de rencontrer des cong\u00e9n\u00e8res et de flairer les mille odeurs que le monde lui offre.<\/p>\n\n\n\n<p>Dans ces moments o\u00f9 votre emploi du temps ou votre \u00e9tat physique ne vous permet pas de combler les besoins de votre compagnon, je suis \u00e9galement l\u00e0 pour prendre le relais et l&#8217;emmener faire sa promenade. Suivant le besoin, plusieurs options vous sont propos\u00e9es, de la petite sortie hygi\u00e9nique au grand bol d&rsquo;air, nous discutons ensemble de l&rsquo;option la plus adapt\u00e9e et fixons les heures de passage optimales.<\/p>\n\n\n\n<p>Une pr\u00e9visite est toujours r\u00e9alis\u00e9e au pr\u00e9alable afin que nous puissions faire connaissance et que votre chien puisse me rencontrer. Cela vous permet \u00e9galement de me donner vos recommandations, de me poser vos questions et de me remettre vos cl\u00e9s pour le jour de la visite. Je m&rsquo;assure \u00e9galement au cours de ce rendez-vous que votre chien me laisse rentrer dans la maison sans probl\u00e8me, afin de ne pas devoir vous d\u00e9ranger le jour venu.<\/p>\n\n\n\n<p>Alors plut\u00f4t que de laisser votre chien seul trop longtemps ou de vous inqui\u00e9ter pour son bien \u00eatre, <a href=\"http:\/\/www.alterego-educationcanine.fr\/index.php\/me-contacter\/\"><strong>contactez moi<\/strong><\/a> ou <a href=\"http:\/\/www.alterego-educationcanine.fr\/index.php\/promenades-de-chien-2\/\"><strong>d\u00e9couvrez les tarifs<\/strong><\/a><strong>!<\/strong><\/p>\n","protected":false},"excerpt":{"rendered":"<p>Que vous travailliez, que vous soyez absent pour la journ\u00e9e ou momentan\u00e9ment immobilis\u00e9, votre chien doit parfois affronter de longues journ\u00e9es de solitude ou de confinement \u00e0 la maison. Pourtant, il est important pour l&rsquo;\u00e9quilibre mental d&rsquo;un chien de pouvoir se d\u00e9penser physiquement, d&rsquo;explorer, de rencontrer des cong\u00e9n\u00e8res et de flairer les mille odeurs que le monde lui offre. Dans ces moments o\u00f9 votre emploi du temps ou votre \u00e9tat physique ne vous permet pas de combler les besoins de votre compagnon, je suis \u00e9galement l\u00e0 pour prendre le relais et l&#8217;emmener faire sa promenade. Suivant le besoin, plusieurs options vous sont propos\u00e9es, de la petite sortie hygi\u00e9nique au grand bol d&rsquo;air, nous discutons ensemble de l&rsquo;option la plus adapt\u00e9e et fixons les heures de passage optimales. Une pr\u00e9visite est toujours r\u00e9alis\u00e9e au pr\u00e9alable afin que nous puissions faire connaissance et que votre chien puisse me rencontrer. Cela vous permet \u00e9galement de me donner vos recommandations, de me poser vos questions et de me remettre vos cl\u00e9s pour le jour de la visite. Je m&rsquo;assure \u00e9galement au cours de ce rendez-vous que votre chien me laisse rentrer dans la maison sans probl\u00e8me, afin de ne pas devoir vous d\u00e9ranger le jour venu. Alors plut\u00f4t que de laisser votre chien seul trop longtemps ou de vous inqui\u00e9ter pour son bien \u00eatre, contactez moi ou d\u00e9couvrez les tarifs!<\/p>\n","protected":false},"author":1,"featured_media":0,"parent":0,"menu_order":0,"comment_status":"closed","ping_status":"closed","template":"","meta":{"_monsterinsights_skip_tracking":false,"_monsterinsights_sitenote_active":false,"_monsterinsights_sitenote_note":"","_monsterinsights_sitenote_category":0,"footnotes":""},"class_list":["post-67","page","type-page","status-publish","hentry"],"_links":{"self":[{"href":"https:\/\/www.alterego-educationcanine.fr\/index.php\/wp-json\/wp\/v2\/pages\/67","targetHints":{"allow":["GET"]}}],"collection":[{"href":"https:\/\/www.alterego-educationcanine.fr\/index.php\/wp-json\/wp\/v2\/pages"}],"about":[{"href":"https:\/\/www.alterego-educationcanine.fr\/index.php\/wp-json\/wp\/v2\/types\/page"}],"author":[{"embeddable":true,"href":"https:\/\/www.alterego-educationcanine.fr\/index.php\/wp-json\/wp\/v2\/users\/1"}],"replies":[{"embeddable":true,"href":"https:\/\/www.alterego-educationcanine.fr\/index.php\/wp-json\/wp\/v2\/comments?post=67"}],"version-history":[{"count":4,"href":"https:\/\/www.alterego-educationcanine.fr\/index.php\/wp-json\/wp\/v2\/pages\/67\/revisions"}],"predecessor-version":[{"id":325,"href":"https:\/\/www.alterego-educationcanine.fr\/index.php\/wp-json\/wp\/v2\/pages\/67\/revisions\/325"}],"wp:attachment":[{"href":"https:\/\/www.alterego-educationcanine.fr\/index.php\/wp-json\/wp\/v2\/media?parent=67"}],"curies":[{"name":"wp","href":"https:\/\/api.w.org\/{rel}","templated":true}]}}