{"id":64,"date":"2019-05-06T19:12:19","date_gmt":"2019-05-06T17:12:19","guid":{"rendered":"http:\/\/www.alterego-educationcanine.fr\/?page_id=64"},"modified":"2019-05-21T19:35:06","modified_gmt":"2019-05-21T17:35:06","slug":"education-canine","status":"publish","type":"page","link":"https:\/\/www.alterego-educationcanine.fr\/index.php\/education-canine\/","title":{"rendered":"Education canine"},"content":{"rendered":"\n<p><strong>Tu es dresseuse de chien&nbsp;? <\/strong><\/p>\n\n\n\n<p>Non je ne dresse pas les chiens, j\u2019apprends aux gens \u00e0 apprendre \u00e0 leurs chiens. Car avant d\u2019apprendre au chien, j\u2019apprends \u00e0 l\u2019humain les subtilit\u00e9s du langage canin, la psychologie canine et les principes fondamentaux des lois de l\u2019apprentissage afin de rendre chaque humain acteur de l\u2019\u00e9ducation de son compagnon et autonome dans sa pratique au quotidien et dans les apprentissages futurs.<\/p>\n\n\n\n<p>Une fois le socle pos\u00e9, vient la\npratique. L\u00e0 encore, j\u2019apprends \u00e0 l\u2019humain \u00e0 d\u00e9composer un exercice, \u00e0 mettre\nson compagnon canin au travail, \u00e0 appliquer les gestes techniques lui\npermettant d\u2019atteindre ses objectifs tout en g\u00e9rant son timing et sa progression.\nJe lui apprends \u00e9galement \u00e0 faire que son chien soit motiv\u00e9, concentr\u00e9 et\nvolontaire pour participer \u00e0 sa propre \u00e9ducation. Car le plaisir et la\ncoop\u00e9ration sont pour moi les cl\u00e9s d\u2019une relation complice, sereine et\n\u00e9quilibr\u00e9e&nbsp;et d\u2019un travail efficace.<\/p>\n\n\n\n<p><br><br><strong>La place de l\u2019humain, la place du chien<\/strong><\/p>\n\n\n\n<div class=\"wp-block-image\"><figure class=\"alignright is-resized\"><img loading=\"lazy\" decoding=\"async\" src=\"http:\/\/www.alterego-educationcanine.fr\/wp-content\/uploads\/2019\/05\/20190502_104745-2-1024x515.jpg\" alt=\"\" class=\"wp-image-233\" width=\"512\" height=\"258\" srcset=\"https:\/\/www.alterego-educationcanine.fr\/wp-content\/uploads\/2019\/05\/20190502_104745-2-1024x515.jpg 1024w, https:\/\/www.alterego-educationcanine.fr\/wp-content\/uploads\/2019\/05\/20190502_104745-2-300x151.jpg 300w, https:\/\/www.alterego-educationcanine.fr\/wp-content\/uploads\/2019\/05\/20190502_104745-2-768x386.jpg 768w, https:\/\/www.alterego-educationcanine.fr\/wp-content\/uploads\/2019\/05\/20190502_104745-2-1140x574.jpg 1140w\" sizes=\"auto, (max-width: 512px) 100vw, 512px\" \/><\/figure><\/div>\n\n\n\n<p>Contrairement au dressage canin qui se concentre essentiellement sur le chien, il est donc important en \u00e9ducation canine que l\u2019humain soit pr\u00e9sent et attentif au travail men\u00e9 avec son chien. Il est en effet fondamental, \u00e0 mes yeux, de rendre l\u2019humain autonome dans sa relation avec son chien et comp\u00e9tent dans les apprentissages qu\u2019il m\u00e8nera ensuite tout au long de la vie de son compagnon. Chacun doit, par ailleurs, se sentir libre de poser des questions, d\u2019\u00e9mettre des doutes ou des d\u00e9saccords et de constater que le travail est men\u00e9 \u00e0 chaque instant dans le respect du chien (et de l\u2019humain) et de son \u00e9tat physique et \u00e9motionnel. C\u2019est pourquoi la pr\u00e9sence, l\u2019\u00e9coute et l\u2019investissement de chacun sont pr\u00e9cieux et obligatoires tout au long du travail effectu\u00e9.<\/p>\n\n\n\n<p><br><strong>Comment \u00e7a s\u2019organise tout \u00e7a&nbsp;?<\/strong><\/p>\n\n\n\n<div class=\"wp-block-image\"><figure class=\"alignleft is-resized\"><img loading=\"lazy\" decoding=\"async\" src=\"http:\/\/www.alterego-educationcanine.fr\/wp-content\/uploads\/2019\/05\/20190324_132036-2-1024x614.jpg\" alt=\"\" class=\"wp-image-235\" width=\"512\" height=\"307\" srcset=\"https:\/\/www.alterego-educationcanine.fr\/wp-content\/uploads\/2019\/05\/20190324_132036-2-1024x614.jpg 1024w, https:\/\/www.alterego-educationcanine.fr\/wp-content\/uploads\/2019\/05\/20190324_132036-2-300x180.jpg 300w, https:\/\/www.alterego-educationcanine.fr\/wp-content\/uploads\/2019\/05\/20190324_132036-2-768x460.jpg 768w, https:\/\/www.alterego-educationcanine.fr\/wp-content\/uploads\/2019\/05\/20190324_132036-2-1140x683.jpg 1140w\" sizes=\"auto, (max-width: 512px) 100vw, 512px\" \/><\/figure><\/div>\n\n\n\n<p>Qu\u2019il s\u2019agisse d\u2019\u00e9ducatifs de base, d\u2019apprentissage sp\u00e9cifique ou de r\u00e9\u00e9ducation, tout travail commence obligatoirement par un bilan comportemental r\u00e9alis\u00e9 \u00e0 votre domicile. Ce bilan me permet d\u2019analyser la personnalit\u00e9 du chien, son mode de vie, ses besoins et de cerner vos probl\u00e9matiques et vos attentes. Celui-ci me permet \u00e9galement de commencer \u00e0 aborder les notions th\u00e9oriques (lois de l\u2019apprentissage, besoins fondamentaux, communication canine\u2026) qui vous seront indispensables pour mener \u00e0 bien votre travail futur. <\/p>\n\n\n\n<p>A l\u2019issue de ce bilan, je confirme avec vous les objectifs \u00e0 atteindre, je dessine les axes de travail et vous propose le forfait le plus adapt\u00e9 au travail envisag\u00e9. Les s\u00e9ances se d\u00e9roulent ensuite selon les besoins, \u00e0 votre domicile ou en ext\u00e9rieur et le rythme est d\u00e9termin\u00e9 en fonction des progr\u00e8s en cours. Votre implication et la r\u00e9gularit\u00e9 de votre travail entre les s\u00e9ances font alors partie des points cl\u00e9s de la bonne progression vers les objectifs fix\u00e9s.<\/p>\n\n\n\n<p style=\"text-align:left\"><br><strong>Qu&rsquo;est-ce qui est propos\u00e9 ?<\/strong><\/p>\n\n\n\n<p style=\"text-align:left\">Que vous cherchiez \u00e0 travailler, \u00e0 r\u00e9\u00e9duquer ou simplement \u00e0 passer de bons moments avec votre chien, plusieurs formats vous sont propos\u00e9s:<\/p>\n\n\n\n<ul class=\"wp-block-list\"><li><strong>cours individuel : <\/strong>un travail sur mesure en individuel avec votre chien et vous uniquement<\/li><li><strong>cours collectifs :<\/strong> pour travailler plus en profondeur les diff\u00e9rents apprentissages avec la distraction d&rsquo;un groupe de cong\u00e9n\u00e8res<\/li><li><strong>balades \u00e9ducatives :<\/strong> pour en apprendre plus sur la communication entre chiens et mieux comprendre les interactions canines<\/li><li><strong>cani-rando :<\/strong> des randonn\u00e9es de 2 \u00e0 4h pour profiter d&rsquo;un moment convivial tout en permettant \u00e0 votre compagnon canin de se d\u00e9penser en compagnie de ses cong\u00e9n\u00e8res<\/li><\/ul>\n\n\n\n<p><br><\/p>\n\n\n\n<div class=\"wp-block-image\"><figure class=\"alignleft is-resized\"><img loading=\"lazy\" decoding=\"async\" src=\"http:\/\/www.alterego-educationcanine.fr\/wp-content\/uploads\/2019\/05\/20181217_100050-1024x576.jpg\" alt=\"\" class=\"wp-image-236\" width=\"512\" height=\"288\" srcset=\"https:\/\/www.alterego-educationcanine.fr\/wp-content\/uploads\/2019\/05\/20181217_100050-1024x576.jpg 1024w, https:\/\/www.alterego-educationcanine.fr\/wp-content\/uploads\/2019\/05\/20181217_100050-300x169.jpg 300w, https:\/\/www.alterego-educationcanine.fr\/wp-content\/uploads\/2019\/05\/20181217_100050-768x432.jpg 768w, https:\/\/www.alterego-educationcanine.fr\/wp-content\/uploads\/2019\/05\/20181217_100050-1140x641.jpg 1140w\" sizes=\"auto, (max-width: 512px) 100vw, 512px\" \/><\/figure><\/div>\n\n\n\n<p style=\"text-align:center\"><br><br><br>Vous aussi vous rencontrez des difficult\u00e9s avec votre compagnon canin? \u00cates vous pr\u00eats \u00e0 accueillir votre chiot \u00e0 la maison? Vous aimeriez que votre chien rencontre des cong\u00e9n\u00e8res mais cela vous inqui\u00e8te? Vous pouvez <strong><a href=\"http:\/\/www.alterego-educationcanine.fr\/index.php\/me-contacter\/\">me contacter<\/a><\/strong> pour que l&rsquo;on en discute ou <strong><a href=\"http:\/\/www.alterego-educationcanine.fr\/index.php\/education-canine-2\/\">d\u00e9couvrir mes tarifs<\/a><\/strong>.<\/p>\n","protected":false},"excerpt":{"rendered":"<p>Tu es dresseuse de chien&nbsp;? Non je ne dresse pas les chiens, j\u2019apprends aux gens \u00e0 apprendre \u00e0 leurs chiens. Car avant d\u2019apprendre au chien, j\u2019apprends \u00e0 l\u2019humain les subtilit\u00e9s du langage canin, la psychologie canine et les principes fondamentaux des lois de l\u2019apprentissage afin de rendre chaque humain acteur de l\u2019\u00e9ducation de son compagnon et autonome dans sa pratique au quotidien et dans les apprentissages futurs. Une fois le socle pos\u00e9, vient la pratique. L\u00e0 encore, j\u2019apprends \u00e0 l\u2019humain \u00e0 d\u00e9composer un exercice, \u00e0 mettre son compagnon canin au travail, \u00e0 appliquer les gestes techniques lui permettant d\u2019atteindre ses objectifs tout en g\u00e9rant son timing et sa progression. Je lui apprends \u00e9galement \u00e0 faire que son chien soit motiv\u00e9, concentr\u00e9 et volontaire pour participer \u00e0 sa propre \u00e9ducation. Car le plaisir et la coop\u00e9ration sont pour moi les cl\u00e9s d\u2019une relation complice, sereine et \u00e9quilibr\u00e9e&nbsp;et d\u2019un travail efficace. La place de l\u2019humain, la place du chien Contrairement au dressage canin qui se concentre essentiellement sur le chien, il est donc important en \u00e9ducation canine que l\u2019humain soit pr\u00e9sent et attentif au travail men\u00e9 avec son chien. Il est en effet fondamental, \u00e0 mes yeux, de rendre l\u2019humain autonome dans sa relation avec son chien et comp\u00e9tent dans les apprentissages qu\u2019il m\u00e8nera ensuite tout au long de la vie de son compagnon. Chacun doit, par ailleurs, se sentir libre de poser des questions, d\u2019\u00e9mettre des doutes ou des d\u00e9saccords et de constater que le travail est men\u00e9 \u00e0 chaque instant dans le respect du chien (et de l\u2019humain) et de son \u00e9tat physique et \u00e9motionnel. C\u2019est pourquoi la pr\u00e9sence, l\u2019\u00e9coute et l\u2019investissement de chacun sont pr\u00e9cieux et obligatoires tout au long du travail effectu\u00e9. Comment \u00e7a s\u2019organise tout \u00e7a&nbsp;? Qu\u2019il s\u2019agisse d\u2019\u00e9ducatifs de base, d\u2019apprentissage sp\u00e9cifique ou de r\u00e9\u00e9ducation, tout travail commence obligatoirement par un bilan comportemental r\u00e9alis\u00e9 \u00e0 votre domicile. Ce bilan me permet d\u2019analyser la personnalit\u00e9 du chien, son mode de vie, ses besoins et de cerner vos probl\u00e9matiques et vos attentes. Celui-ci me permet \u00e9galement de commencer \u00e0 aborder les notions th\u00e9oriques (lois de l\u2019apprentissage, besoins fondamentaux, communication canine\u2026) qui vous seront indispensables pour mener \u00e0 bien votre travail futur. A l\u2019issue de ce bilan, je confirme avec vous les objectifs \u00e0 atteindre, je dessine les axes de travail et vous propose le forfait le plus adapt\u00e9 au travail envisag\u00e9. Les s\u00e9ances se d\u00e9roulent ensuite selon les besoins, \u00e0 votre domicile ou en ext\u00e9rieur et le rythme est d\u00e9termin\u00e9 en fonction des progr\u00e8s en cours. Votre implication et la r\u00e9gularit\u00e9 de votre travail entre les s\u00e9ances font alors partie des points cl\u00e9s de la bonne progression vers les objectifs fix\u00e9s. Qu&rsquo;est-ce qui est propos\u00e9 ? Que vous cherchiez \u00e0 travailler, \u00e0 r\u00e9\u00e9duquer ou simplement \u00e0 passer de bons moments avec votre chien, plusieurs formats vous sont propos\u00e9s: cours individuel : un travail sur mesure en individuel avec votre chien et vous uniquement cours collectifs : pour travailler plus en profondeur les diff\u00e9rents apprentissages avec la distraction d&rsquo;un groupe de cong\u00e9n\u00e8res balades \u00e9ducatives : pour en apprendre plus sur la communication entre chiens et mieux comprendre les interactions canines cani-rando : des randonn\u00e9es de 2 \u00e0 4h pour profiter d&rsquo;un moment convivial tout en permettant \u00e0 votre compagnon canin de se d\u00e9penser en compagnie de ses cong\u00e9n\u00e8res Vous aussi vous rencontrez des difficult\u00e9s avec votre compagnon canin? \u00cates vous pr\u00eats \u00e0 accueillir votre chiot \u00e0 la maison? Vous aimeriez que votre chien rencontre des cong\u00e9n\u00e8res mais cela vous inqui\u00e8te? Vous pouvez me contacter pour que l&rsquo;on en discute ou d\u00e9couvrir mes tarifs.<\/p>\n","protected":false},"author":1,"featured_media":0,"parent":0,"menu_order":0,"comment_status":"closed","ping_status":"closed","template":"","meta":{"_monsterinsights_skip_tracking":false,"_monsterinsights_sitenote_active":false,"_monsterinsights_sitenote_note":"","_monsterinsights_sitenote_category":0,"footnotes":""},"class_list":["post-64","page","type-page","status-publish","hentry"],"_links":{"self":[{"href":"https:\/\/www.alterego-educationcanine.fr\/index.php\/wp-json\/wp\/v2\/pages\/64","targetHints":{"allow":["GET"]}}],"collection":[{"href":"https:\/\/www.alterego-educationcanine.fr\/index.php\/wp-json\/wp\/v2\/pages"}],"about":[{"href":"https:\/\/www.alterego-educationcanine.fr\/index.php\/wp-json\/wp\/v2\/types\/page"}],"author":[{"embeddable":true,"href":"https:\/\/www.alterego-educationcanine.fr\/index.php\/wp-json\/wp\/v2\/users\/1"}],"replies":[{"embeddable":true,"href":"https:\/\/www.alterego-educationcanine.fr\/index.php\/wp-json\/wp\/v2\/comments?post=64"}],"version-history":[{"count":12,"href":"https:\/\/www.alterego-educationcanine.fr\/index.php\/wp-json\/wp\/v2\/pages\/64\/revisions"}],"predecessor-version":[{"id":370,"href":"https:\/\/www.alterego-educationcanine.fr\/index.php\/wp-json\/wp\/v2\/pages\/64\/revisions\/370"}],"wp:attachment":[{"href":"https:\/\/www.alterego-educationcanine.fr\/index.php\/wp-json\/wp\/v2\/media?parent=64"}],"curies":[{"name":"wp","href":"https:\/\/api.w.org\/{rel}","templated":true}]}}