{"id":60,"date":"2019-05-06T19:09:13","date_gmt":"2019-05-06T17:09:13","guid":{"rendered":"http:\/\/www.alterego-educationcanine.fr\/?page_id=60"},"modified":"2024-04-04T17:49:31","modified_gmt":"2024-04-04T15:49:31","slug":"tarifs","status":"publish","type":"page","link":"https:\/\/www.alterego-educationcanine.fr\/index.php\/tarifs\/","title":{"rendered":"Tarifs"},"content":{"rendered":"\n<p style=\"color:#9d0407\" class=\"has-text-color\"><br><br><strong>D\u00e9couvrez les t<a href=\"http:\/\/www.alterego-educationcanine.fr\/index.php\/education-canine-2\/\">arifs pour l&rsquo;\u00e9ducation canine \u00e0 Bordeaux, CUB et Gironde<\/a><\/strong><\/p>\n\n\n\n<figure class=\"wp-block-image is-resized\"><img loading=\"lazy\" decoding=\"async\" src=\"http:\/\/www.alterego-educationcanine.fr\/wp-content\/uploads\/2024\/04\/tarifs-\u00e9ducation-canine.jpg\" alt=\"\" class=\"wp-image-500\" width=\"471\" height=\"51\" srcset=\"https:\/\/www.alterego-educationcanine.fr\/wp-content\/uploads\/2024\/04\/tarifs-\u00e9ducation-canine.jpg 795w, https:\/\/www.alterego-educationcanine.fr\/wp-content\/uploads\/2024\/04\/tarifs-\u00e9ducation-canine-300x33.jpg 300w, https:\/\/www.alterego-educationcanine.fr\/wp-content\/uploads\/2024\/04\/tarifs-\u00e9ducation-canine-768x85.jpg 768w\" sizes=\"auto, (max-width: 471px) 100vw, 471px\" \/><\/figure>\n\n\n\n<p style=\"color:#900604\" class=\"has-text-color\"><strong><a href=\"http:\/\/www.alterego-educationcanine.fr\/index.php\/tarifs-comportement-felin-2\/\" target=\"_blank\" rel=\"noreferrer noopener\" aria-label=\"D\u00e9couvrez les tarifs pour le comportement f\u00e9lin \u00e0 Bordeaux et CUB (opens in a new tab)\">D\u00e9couvrez les tarifs pour le comportement f\u00e9lin \u00e0 Bordeaux et CUB<\/a><\/strong><\/p>\n\n\n\n<figure class=\"wp-block-image is-resized\"><img loading=\"lazy\" decoding=\"async\" src=\"http:\/\/www.alterego-educationcanine.fr\/wp-content\/uploads\/2022\/05\/tarifs-comportement-chats.jpg\" alt=\"\" class=\"wp-image-387\" width=\"474\" height=\"105\" srcset=\"https:\/\/www.alterego-educationcanine.fr\/wp-content\/uploads\/2022\/05\/tarifs-comportement-chats.jpg 552w, https:\/\/www.alterego-educationcanine.fr\/wp-content\/uploads\/2022\/05\/tarifs-comportement-chats-300x66.jpg 300w\" sizes=\"auto, (max-width: 474px) 100vw, 474px\" \/><figcaption><a href=\"http:\/\/www.alterego-educationcanine.fr\/index.php\/tarifs-comportement-felin-2\/\" target=\"_blank\" rel=\"noreferrer noopener\" aria-label=\"plus de d\u00e9tails ici (opens in a new tab)\">plus de d\u00e9tails ici<\/a><\/figcaption><\/figure>\n\n\n\n<p style=\"color:#9d0407\" class=\"has-text-color\"><strong><a href=\"http:\/\/www.alterego-educationcanine.fr\/index.php\/tarifs-comportement-felin-2\/\" target=\"_blank\" rel=\"noreferrer noopener\" aria-label=\"D\u00e9couvrez les tarifs pour les promenades de chien \u00e0 Bordeaux, CUB et Gironde (opens in a new tab)\">D\u00e9couvrez les tarifs pour les promenades de chien \u00e0 Bordeaux, CUB et Gironde<\/a><\/strong><br><\/p>\n\n\n\n<figure class=\"wp-block-image is-resized\"><img loading=\"lazy\" decoding=\"async\" src=\"http:\/\/www.alterego-educationcanine.fr\/wp-content\/uploads\/2022\/06\/tarifs-promenades-2022-1024x229.jpg\" alt=\"\" class=\"wp-image-478\" width=\"474\" height=\"229\"\/><\/figure>\n\n\n\n<p style=\"color:#9d0407;text-align:left\" class=\"has-text-color\"><strong>D\u00e9couvrez les <a href=\"http:\/\/www.alterego-educationcanine.fr\/index.php\/pet-sitting\/\">tarifs pour le Pet Sitting \u00e0 Bordeaux et CUB<\/a><\/strong><\/p>\n\n\n\n<figure class=\"wp-block-image is-resized\"><img loading=\"lazy\" decoding=\"async\" src=\"http:\/\/www.alterego-educationcanine.fr\/wp-content\/uploads\/2024\/03\/tarifs-pet-sitting.jpg\" alt=\"\" class=\"wp-image-495\" width=\"470\" height=\"115\" srcset=\"https:\/\/www.alterego-educationcanine.fr\/wp-content\/uploads\/2024\/03\/tarifs-pet-sitting.jpg 795w, https:\/\/www.alterego-educationcanine.fr\/wp-content\/uploads\/2024\/03\/tarifs-pet-sitting-300x74.jpg 300w, https:\/\/www.alterego-educationcanine.fr\/wp-content\/uploads\/2024\/03\/tarifs-pet-sitting-768x188.jpg 768w\" sizes=\"auto, (max-width: 470px) 100vw, 470px\" \/><\/figure>\n\n\n\n<p style=\"text-align:center\">\n\n<a class=\"maxbutton-1 maxbutton maxbutton-me-contacter\" href=\"\/index.php\/me-contacter\/\"><span class='mb-text'>ME CONTACTER<\/span><\/a>\n\n<\/p>\n","protected":false},"excerpt":{"rendered":"<p>D\u00e9couvrez les tarifs pour l&rsquo;\u00e9ducation canine \u00e0 Bordeaux, CUB et Gironde D\u00e9couvrez les tarifs pour le comportement f\u00e9lin \u00e0 Bordeaux et CUB D\u00e9couvrez les tarifs pour les promenades de chien \u00e0 Bordeaux, CUB et Gironde D\u00e9couvrez les tarifs pour le Pet Sitting \u00e0 Bordeaux et CUB<\/p>\n","protected":false},"author":1,"featured_media":0,"parent":0,"menu_order":0,"comment_status":"closed","ping_status":"closed","template":"","meta":{"_monsterinsights_skip_tracking":false,"_monsterinsights_sitenote_active":false,"_monsterinsights_sitenote_note":"","_monsterinsights_sitenote_category":0,"footnotes":""},"class_list":["post-60","page","type-page","status-publish","hentry"],"_links":{"self":[{"href":"https:\/\/www.alterego-educationcanine.fr\/index.php\/wp-json\/wp\/v2\/pages\/60","targetHints":{"allow":["GET"]}}],"collection":[{"href":"https:\/\/www.alterego-educationcanine.fr\/index.php\/wp-json\/wp\/v2\/pages"}],"about":[{"href":"https:\/\/www.alterego-educationcanine.fr\/index.php\/wp-json\/wp\/v2\/types\/page"}],"author":[{"embeddable":true,"href":"https:\/\/www.alterego-educationcanine.fr\/index.php\/wp-json\/wp\/v2\/users\/1"}],"replies":[{"embeddable":true,"href":"https:\/\/www.alterego-educationcanine.fr\/index.php\/wp-json\/wp\/v2\/comments?post=60"}],"version-history":[{"count":14,"href":"https:\/\/www.alterego-educationcanine.fr\/index.php\/wp-json\/wp\/v2\/pages\/60\/revisions"}],"predecessor-version":[{"id":503,"href":"https:\/\/www.alterego-educationcanine.fr\/index.php\/wp-json\/wp\/v2\/pages\/60\/revisions\/503"}],"wp:attachment":[{"href":"https:\/\/www.alterego-educationcanine.fr\/index.php\/wp-json\/wp\/v2\/media?parent=60"}],"curies":[{"name":"wp","href":"https:\/\/api.w.org\/{rel}","templated":true}]}}