{"id":508,"date":"2025-09-27T19:28:19","date_gmt":"2025-09-27T17:28:19","guid":{"rendered":"http:\/\/www.alterego-educationcanine.fr\/?page_id=508"},"modified":"2026-03-17T12:58:49","modified_gmt":"2026-03-17T11:58:49","slug":"ozialtes-oz","status":"publish","type":"page","link":"https:\/\/www.alterego-educationcanine.fr\/index.php\/presentations-pages\/ozialtes-oz\/","title":{"rendered":"Ozialt\u00e8s (Oz)"},"content":{"rendered":"\n<div class=\"wp-block-columns is-layout-flex wp-container-core-columns-is-layout-9d6595d7 wp-block-columns-is-layout-flex\">\n<div class=\"wp-block-column is-layout-flow wp-block-column-is-layout-flow\" style=\"flex-basis:100%\">\n<div class=\"wp-block-columns is-layout-flex wp-container-core-columns-is-layout-9d6595d7 wp-block-columns-is-layout-flex\">\n<div class=\"wp-block-column is-layout-flow wp-block-column-is-layout-flow\">\n<figure class=\"wp-block-image size-large\"><img loading=\"lazy\" decoding=\"async\" width=\"1024\" height=\"1024\" src=\"https:\/\/www.alterego-educationcanine.fr\/wp-content\/uploads\/2026\/03\/WhatsApp-Image-2026-03-17-at-12.39.27-2-1024x1024.jpeg\" alt=\"\" class=\"wp-image-663\" srcset=\"https:\/\/www.alterego-educationcanine.fr\/wp-content\/uploads\/2026\/03\/WhatsApp-Image-2026-03-17-at-12.39.27-2-1024x1024.jpeg 1024w, https:\/\/www.alterego-educationcanine.fr\/wp-content\/uploads\/2026\/03\/WhatsApp-Image-2026-03-17-at-12.39.27-2-300x300.jpeg 300w, https:\/\/www.alterego-educationcanine.fr\/wp-content\/uploads\/2026\/03\/WhatsApp-Image-2026-03-17-at-12.39.27-2-150x150.jpeg 150w, https:\/\/www.alterego-educationcanine.fr\/wp-content\/uploads\/2026\/03\/WhatsApp-Image-2026-03-17-at-12.39.27-2-768x768.jpeg 768w, https:\/\/www.alterego-educationcanine.fr\/wp-content\/uploads\/2026\/03\/WhatsApp-Image-2026-03-17-at-12.39.27-2-75x75.jpeg 75w, https:\/\/www.alterego-educationcanine.fr\/wp-content\/uploads\/2026\/03\/WhatsApp-Image-2026-03-17-at-12.39.27-2.jpeg 1080w\" sizes=\"auto, (max-width: 1024px) 100vw, 1024px\" \/><\/figure>\n<\/div>\n\n\n\n<div class=\"wp-block-column is-layout-flow wp-block-column-is-layout-flow\">\n<p style=\"text-align: justify;\">Oz, c&rsquo;est le troisi\u00e8me mousquetaire. Un minuscule chaton de quelques semaines qui a failli passer sous mes roues un matin de 2020 sur les quais de Bordeaux. Apr\u00e8s un arr\u00eat d&rsquo;urgence, quelques coups de klaxons \u00e9nerv\u00e9s des bordelais press\u00e9s et un petit trajet en voiture, cette minuscule boule de poil maigre, terrifi\u00e9e et couverte de poussi\u00e8re s&rsquo;est retrouv\u00e9e en quarantaine dans ma salle de bain \u00ab\u00a0juste le temps de lui refaire une sant\u00e9\u00a0\u00bb. D\u00e8s le lendemain, il jouait \u00e0 s&rsquo;attraper les pattes avec Arthur sous la porte. Le d\u00e9lais de quarantaine pass\u00e9, il a pu rencontrer June et Louve et avant m\u00eame que je n&rsquo;ai le temps d&rsquo;y r\u00e9fl\u00e9chir, il \u00e9tait install\u00e9 pour la vie dans notre foyer.<br><br>Aujourd&rsquo;hui, celui dont je disais qu&rsquo;il resterait probablement ch\u00e9tif tant il avait manqu\u00e9 dans ses premi\u00e8res semaines a d\u00e9velopp\u00e9 une solide carrure de rugbyman. Ses activit\u00e9s pr\u00e9f\u00e9r\u00e9es? Partager des courses endiabl\u00e9es avec Arthur, faire des pranks \u00e0 Louve et faire des c\u00e2lins \u00e0 tout \u00eatre vivant qui entre dans la maison. Un vrai chat-chien qui adore apprendre des tours et ramener la balle pour qu&rsquo;on lui lance. Le parfait trait d&rsquo;union entre mes activit\u00e9s en comportement canin et f\u00e9lin!<\/p>\n<\/div>\n<\/div>\n<\/div>\n<\/div>\n","protected":false},"excerpt":{"rendered":"<p>Oz, c&rsquo;est le troisi\u00e8me mousquetaire. Un minuscule chaton de quelques semaines qui a failli passer sous mes roues un matin de 2020 sur les quais de Bordeaux. Apr\u00e8s un arr\u00eat d&rsquo;urgence, quelques coups de klaxons \u00e9nerv\u00e9s des bordelais press\u00e9s et un petit trajet en voiture, cette minuscule boule de poil maigre, terrifi\u00e9e et couverte de poussi\u00e8re s&rsquo;est retrouv\u00e9e en quarantaine dans ma salle de bain \u00ab\u00a0juste le temps de lui refaire une sant\u00e9\u00a0\u00bb. D\u00e8s le lendemain, il jouait \u00e0 s&rsquo;attraper les pattes avec Arthur sous la porte. Le d\u00e9lais de quarantaine pass\u00e9, il a pu rencontrer June et Louve et avant m\u00eame que je n&rsquo;ai le temps d&rsquo;y r\u00e9fl\u00e9chir, il \u00e9tait install\u00e9 pour la vie dans notre foyer. Aujourd&rsquo;hui, celui dont je disais qu&rsquo;il resterait probablement ch\u00e9tif tant il avait manqu\u00e9 dans ses premi\u00e8res semaines a d\u00e9velopp\u00e9 une solide carrure de rugbyman. Ses activit\u00e9s pr\u00e9f\u00e9r\u00e9es? Partager des courses endiabl\u00e9es avec Arthur, faire des pranks \u00e0 Louve et faire des c\u00e2lins \u00e0 tout \u00eatre vivant qui entre dans la maison. Un vrai chat-chien qui adore apprendre des tours et ramener la balle pour qu&rsquo;on lui lance. Le parfait trait d&rsquo;union entre mes activit\u00e9s en comportement canin et f\u00e9lin!<\/p>\n","protected":false},"author":1,"featured_media":0,"parent":26,"menu_order":3,"comment_status":"closed","ping_status":"closed","template":"","meta":{"_monsterinsights_skip_tracking":false,"_monsterinsights_sitenote_active":false,"_monsterinsights_sitenote_note":"","_monsterinsights_sitenote_category":0,"footnotes":""},"class_list":["post-508","page","type-page","status-publish","hentry"],"_links":{"self":[{"href":"https:\/\/www.alterego-educationcanine.fr\/index.php\/wp-json\/wp\/v2\/pages\/508","targetHints":{"allow":["GET"]}}],"collection":[{"href":"https:\/\/www.alterego-educationcanine.fr\/index.php\/wp-json\/wp\/v2\/pages"}],"about":[{"href":"https:\/\/www.alterego-educationcanine.fr\/index.php\/wp-json\/wp\/v2\/types\/page"}],"author":[{"embeddable":true,"href":"https:\/\/www.alterego-educationcanine.fr\/index.php\/wp-json\/wp\/v2\/users\/1"}],"replies":[{"embeddable":true,"href":"https:\/\/www.alterego-educationcanine.fr\/index.php\/wp-json\/wp\/v2\/comments?post=508"}],"version-history":[{"count":8,"href":"https:\/\/www.alterego-educationcanine.fr\/index.php\/wp-json\/wp\/v2\/pages\/508\/revisions"}],"predecessor-version":[{"id":667,"href":"https:\/\/www.alterego-educationcanine.fr\/index.php\/wp-json\/wp\/v2\/pages\/508\/revisions\/667"}],"up":[{"embeddable":true,"href":"https:\/\/www.alterego-educationcanine.fr\/index.php\/wp-json\/wp\/v2\/pages\/26"}],"wp:attachment":[{"href":"https:\/\/www.alterego-educationcanine.fr\/index.php\/wp-json\/wp\/v2\/media?parent=508"}],"curies":[{"name":"wp","href":"https:\/\/api.w.org\/{rel}","templated":true}]}}