{"id":49,"date":"2019-05-06T18:33:56","date_gmt":"2019-05-06T16:33:56","guid":{"rendered":"http:\/\/www.alterego-educationcanine.fr\/?page_id=49"},"modified":"2019-05-17T19:00:54","modified_gmt":"2019-05-17T17:00:54","slug":"louve-arthur","status":"publish","type":"page","link":"https:\/\/www.alterego-educationcanine.fr\/index.php\/louve-arthur\/","title":{"rendered":"Louve &#038; Arthur"},"content":{"rendered":"\n<div class=\"wp-block-image\"><figure class=\"alignleft is-resized\"><img loading=\"lazy\" decoding=\"async\" src=\"http:\/\/www.alterego-educationcanine.fr\/wp-content\/uploads\/2019\/05\/20190423_180002-1-1024x576.jpg\" alt=\"\" class=\"wp-image-146\" width=\"512\" height=\"288\" srcset=\"https:\/\/www.alterego-educationcanine.fr\/wp-content\/uploads\/2019\/05\/20190423_180002-1-1024x576.jpg 1024w, https:\/\/www.alterego-educationcanine.fr\/wp-content\/uploads\/2019\/05\/20190423_180002-1-300x169.jpg 300w, https:\/\/www.alterego-educationcanine.fr\/wp-content\/uploads\/2019\/05\/20190423_180002-1-768x432.jpg 768w, https:\/\/www.alterego-educationcanine.fr\/wp-content\/uploads\/2019\/05\/20190423_180002-1-1140x641.jpg 1140w\" sizes=\"auto, (max-width: 512px) 100vw, 512px\" \/><\/figure><\/div>\n\n\n\n<p>Trouv\u00e9s chatons dans la rue \u00e0 2 ann\u00e9es d\u2019intervalle, Louve et Arthur sont les Bonnie and Clyde du monde f\u00e9lin. Toujours fourr\u00e9s l\u2019un avec l\u2019autre, ils se chamaillent autant qu\u2019ils s\u2019aiment et trouvent toujours une fa\u00e7on de s\u2019organiser dans le crime, quels que soient leurs forfaits ! <\/p>\n\n\n\n<p>Sous le regard bienveillant de June, ils accordent en effet une\ntr\u00e8s grande importance \u00e0 leur travail de chat&nbsp;: faire tomber les bibelots,\nfaire leurs griffes sur la t\u00eate de lit et vider la liti\u00e8re de son contenu en\ngrattant comme si leur vie en d\u00e9pendait.<\/p>\n\n\n\n<p>S\u2019ils ne travaillent pas \u00e0 proprement parler avec moi, ils sont toutefois d\u2019un grand soutien au quotidien. Parall\u00e8lement \u00e0 leurs m\u00e9faits, ils ont en effet toujours un ronron ou un c\u00e2lin \u00e0 fournir en cas de besoin. De caract\u00e8res tr\u00e8s oppos\u00e9s, ils m\u2019en apprennent \u00e9galement chaque jour davantage sur le comportement animal et ne cessent de m\u2019encourager \u00e0 envisager le monde via leur regard f\u00e9lin.<\/p>\n\n\n\n<p>Louve la d\u00e9licate petite minette timide et craintive et Arthur le solide matou intr\u00e9pide et curieux font donc partie int\u00e9grante de l\u2019\u00e9quipe. Il contribuent \u00e0 leur fa\u00e7on au travail que j\u2019effectue au quotidien, avec vous comme aupr\u00e8s de vos compagnons canins et f\u00e9lins.<\/p>\n","protected":false},"excerpt":{"rendered":"<p>Trouv\u00e9s chatons dans la rue \u00e0 2 ann\u00e9es d\u2019intervalle, Louve et Arthur sont les Bonnie and Clyde du monde f\u00e9lin. Toujours fourr\u00e9s l\u2019un avec l\u2019autre, ils se chamaillent autant qu\u2019ils s\u2019aiment et trouvent toujours une fa\u00e7on de s\u2019organiser dans le crime, quels que soient leurs forfaits ! Sous le regard bienveillant de June, ils accordent en effet une tr\u00e8s grande importance \u00e0 leur travail de chat&nbsp;: faire tomber les bibelots, faire leurs griffes sur la t\u00eate de lit et vider la liti\u00e8re de son contenu en grattant comme si leur vie en d\u00e9pendait. S\u2019ils ne travaillent pas \u00e0 proprement parler avec moi, ils sont toutefois d\u2019un grand soutien au quotidien. Parall\u00e8lement \u00e0 leurs m\u00e9faits, ils ont en effet toujours un ronron ou un c\u00e2lin \u00e0 fournir en cas de besoin. De caract\u00e8res tr\u00e8s oppos\u00e9s, ils m\u2019en apprennent \u00e9galement chaque jour davantage sur le comportement animal et ne cessent de m\u2019encourager \u00e0 envisager le monde via leur regard f\u00e9lin. Louve la d\u00e9licate petite minette timide et craintive et Arthur le solide matou intr\u00e9pide et curieux font donc partie int\u00e9grante de l\u2019\u00e9quipe. Il contribuent \u00e0 leur fa\u00e7on au travail que j\u2019effectue au quotidien, avec vous comme aupr\u00e8s de vos compagnons canins et f\u00e9lins.<\/p>\n","protected":false},"author":1,"featured_media":0,"parent":0,"menu_order":0,"comment_status":"closed","ping_status":"closed","template":"","meta":{"_monsterinsights_skip_tracking":false,"_monsterinsights_sitenote_active":false,"_monsterinsights_sitenote_note":"","_monsterinsights_sitenote_category":0,"footnotes":""},"class_list":["post-49","page","type-page","status-publish","hentry"],"_links":{"self":[{"href":"https:\/\/www.alterego-educationcanine.fr\/index.php\/wp-json\/wp\/v2\/pages\/49","targetHints":{"allow":["GET"]}}],"collection":[{"href":"https:\/\/www.alterego-educationcanine.fr\/index.php\/wp-json\/wp\/v2\/pages"}],"about":[{"href":"https:\/\/www.alterego-educationcanine.fr\/index.php\/wp-json\/wp\/v2\/types\/page"}],"author":[{"embeddable":true,"href":"https:\/\/www.alterego-educationcanine.fr\/index.php\/wp-json\/wp\/v2\/users\/1"}],"replies":[{"embeddable":true,"href":"https:\/\/www.alterego-educationcanine.fr\/index.php\/wp-json\/wp\/v2\/comments?post=49"}],"version-history":[{"count":5,"href":"https:\/\/www.alterego-educationcanine.fr\/index.php\/wp-json\/wp\/v2\/pages\/49\/revisions"}],"predecessor-version":[{"id":351,"href":"https:\/\/www.alterego-educationcanine.fr\/index.php\/wp-json\/wp\/v2\/pages\/49\/revisions\/351"}],"wp:attachment":[{"href":"https:\/\/www.alterego-educationcanine.fr\/index.php\/wp-json\/wp\/v2\/media?parent=49"}],"curies":[{"name":"wp","href":"https:\/\/api.w.org\/{rel}","templated":true}]}}