{"id":47,"date":"2019-05-06T18:33:37","date_gmt":"2019-05-06T16:33:37","guid":{"rendered":"http:\/\/www.alterego-educationcanine.fr\/?page_id=47"},"modified":"2023-07-17T17:56:44","modified_gmt":"2023-07-17T15:56:44","slug":"june","status":"publish","type":"page","link":"https:\/\/www.alterego-educationcanine.fr\/index.php\/june\/","title":{"rendered":"June"},"content":{"rendered":"\n<div class=\"wp-block-image\"><figure class=\"alignleft is-resized\"><img loading=\"lazy\" decoding=\"async\" src=\"http:\/\/www.alterego-educationcanine.fr\/wp-content\/uploads\/2019\/05\/20190117_105215-e1557172347682-863x1024.jpg\" alt=\"\" class=\"wp-image-126\" width=\"216\" height=\"256\" srcset=\"https:\/\/www.alterego-educationcanine.fr\/wp-content\/uploads\/2019\/05\/20190117_105215-e1557172347682-863x1024.jpg 863w, https:\/\/www.alterego-educationcanine.fr\/wp-content\/uploads\/2019\/05\/20190117_105215-e1557172347682-253x300.jpg 253w, https:\/\/www.alterego-educationcanine.fr\/wp-content\/uploads\/2019\/05\/20190117_105215-e1557172347682-768x911.jpg 768w, https:\/\/www.alterego-educationcanine.fr\/wp-content\/uploads\/2019\/05\/20190117_105215-e1557172347682-1140x1352.jpg 1140w\" sizes=\"auto, (max-width: 216px) 100vw, 216px\" \/><\/figure><\/div>\n\n\n\n<p>Crois\u00e9 boxer\/sharpei, June le \u00ab petit chiot courageux \u00bb a bien grandi mais n\u2019a rien perdu de son caract\u00e8re bien tremp\u00e9 et de sa volont\u00e9 de communiquer aux humains les secrets de son esp\u00e8ce. Aujourd\u2019hui encore, il me guide et m\u2019accompagne au quotidien. Il \u0153uvre en effet autant que moi \u00e0 vous en apprendre plus sur vos chiens et sur les lois de l\u2019apprentissage. Souvent pr\u00e9sent lors des s\u00e9ances d\u2019\u00e9ducation canine, il apprend la politesse canine aux jeunes (et aux moins jeunes), rassure les anxieux, canalise les dissip\u00e9s, recadre les trop entreprenants, apaise parfois les plus agressifs (et fait m\u00eame les yeux doux pour avoir du rab de friandises !)<\/p>\n\n\n\n<p><\/p>\n\n\n\n<p>Alternant force tranquille et effronterie joueuse, il est le pilier de bien des s\u00e9ances et de bien des chiens. Parfait chien imparfait, June se donne pour mission de rappeler qu\u2019aucun humain n\u2019est irr\u00e9prochable et que, par cons\u00e9quent, aucun chien ne saurait l\u2019\u00eatre.<\/p>\n\n\n\n<p><\/p>\n\n\n\n<p>Espi\u00e8gle, courageux, attendrissant, bienveillant et toujours partant pour tout, la maturit\u00e9 n\u2019a donc rien enlev\u00e9 \u00e0 son enthousiasme et \u00e0 sa joie de vivre. En outre sa g\u00e9n\u00e9rosit\u00e9 naturelle font plus que jamais de lui mon plus fid\u00e8le compagnon, mon bin\u00f4me, mon coll\u00e8gue, mon acolyte, bref\u2026 mon Alter Ego !<\/p>\n\n\n\n<p>Le destin m&rsquo;oblige malheureusement \u00e0 r\u00e9diger ce petit update sur cette page consacr\u00e9e \u00e0 mon tr\u00e8s fid\u00e8le compagnon, celui ci m&rsquo;ayant quitt\u00e9e le 11 mai 2023 des suites d&rsquo;un cancer. June restera n\u00e9anmoins toujours tr\u00e8s pr\u00e9sent dans chacun de mes accompagnements et sera toujours une tr\u00e8s grande source d&rsquo;inspiration. <\/p>\n","protected":false},"excerpt":{"rendered":"<p>Crois\u00e9 boxer\/sharpei, June le \u00ab petit chiot courageux \u00bb a bien grandi mais n\u2019a rien perdu de son caract\u00e8re bien tremp\u00e9 et de sa volont\u00e9 de communiquer aux humains les secrets de son esp\u00e8ce. Aujourd\u2019hui encore, il me guide et m\u2019accompagne au quotidien. Il \u0153uvre en effet autant que moi \u00e0 vous en apprendre plus sur vos chiens et sur les lois de l\u2019apprentissage. Souvent pr\u00e9sent lors des s\u00e9ances d\u2019\u00e9ducation canine, il apprend la politesse canine aux jeunes (et aux moins jeunes), rassure les anxieux, canalise les dissip\u00e9s, recadre les trop entreprenants, apaise parfois les plus agressifs (et fait m\u00eame les yeux doux pour avoir du rab de friandises !) Alternant force tranquille et effronterie joueuse, il est le pilier de bien des s\u00e9ances et de bien des chiens. Parfait chien imparfait, June se donne pour mission de rappeler qu\u2019aucun humain n\u2019est irr\u00e9prochable et que, par cons\u00e9quent, aucun chien ne saurait l\u2019\u00eatre. Espi\u00e8gle, courageux, attendrissant, bienveillant et toujours partant pour tout, la maturit\u00e9 n\u2019a donc rien enlev\u00e9 \u00e0 son enthousiasme et \u00e0 sa joie de vivre. En outre sa g\u00e9n\u00e9rosit\u00e9 naturelle font plus que jamais de lui mon plus fid\u00e8le compagnon, mon bin\u00f4me, mon coll\u00e8gue, mon acolyte, bref\u2026 mon Alter Ego ! Le destin m&rsquo;oblige malheureusement \u00e0 r\u00e9diger ce petit update sur cette page consacr\u00e9e \u00e0 mon tr\u00e8s fid\u00e8le compagnon, celui ci m&rsquo;ayant quitt\u00e9e le 11 mai 2023 des suites d&rsquo;un cancer. June restera n\u00e9anmoins toujours tr\u00e8s pr\u00e9sent dans chacun de mes accompagnements et sera toujours une tr\u00e8s grande source d&rsquo;inspiration.<\/p>\n","protected":false},"author":1,"featured_media":0,"parent":0,"menu_order":0,"comment_status":"closed","ping_status":"closed","template":"","meta":{"_monsterinsights_skip_tracking":false,"_monsterinsights_sitenote_active":false,"_monsterinsights_sitenote_note":"","_monsterinsights_sitenote_category":0,"footnotes":""},"class_list":["post-47","page","type-page","status-publish","hentry"],"_links":{"self":[{"href":"https:\/\/www.alterego-educationcanine.fr\/index.php\/wp-json\/wp\/v2\/pages\/47","targetHints":{"allow":["GET"]}}],"collection":[{"href":"https:\/\/www.alterego-educationcanine.fr\/index.php\/wp-json\/wp\/v2\/pages"}],"about":[{"href":"https:\/\/www.alterego-educationcanine.fr\/index.php\/wp-json\/wp\/v2\/types\/page"}],"author":[{"embeddable":true,"href":"https:\/\/www.alterego-educationcanine.fr\/index.php\/wp-json\/wp\/v2\/users\/1"}],"replies":[{"embeddable":true,"href":"https:\/\/www.alterego-educationcanine.fr\/index.php\/wp-json\/wp\/v2\/comments?post=47"}],"version-history":[{"count":4,"href":"https:\/\/www.alterego-educationcanine.fr\/index.php\/wp-json\/wp\/v2\/pages\/47\/revisions"}],"predecessor-version":[{"id":482,"href":"https:\/\/www.alterego-educationcanine.fr\/index.php\/wp-json\/wp\/v2\/pages\/47\/revisions\/482"}],"wp:attachment":[{"href":"https:\/\/www.alterego-educationcanine.fr\/index.php\/wp-json\/wp\/v2\/media?parent=47"}],"curies":[{"name":"wp","href":"https:\/\/api.w.org\/{rel}","templated":true}]}}