{"id":45,"date":"2019-05-06T18:33:00","date_gmt":"2019-05-06T16:33:00","guid":{"rendered":"http:\/\/www.alterego-educationcanine.fr\/?page_id=45"},"modified":"2019-05-21T19:37:51","modified_gmt":"2019-05-21T17:37:51","slug":"amelie","status":"publish","type":"page","link":"https:\/\/www.alterego-educationcanine.fr\/index.php\/amelie\/","title":{"rendered":"Am\u00e9lie"},"content":{"rendered":"\n<div class=\"wp-block-image\"><figure class=\"alignleft is-resized\"><img loading=\"lazy\" decoding=\"async\" src=\"http:\/\/www.alterego-educationcanine.fr\/wp-content\/uploads\/2019\/05\/20160907_195018-1-838x1024.jpg\" alt=\"\" class=\"wp-image-122\" width=\"207\" height=\"252\" srcset=\"https:\/\/www.alterego-educationcanine.fr\/wp-content\/uploads\/2019\/05\/20160907_195018-1-838x1024.jpg 838w, https:\/\/www.alterego-educationcanine.fr\/wp-content\/uploads\/2019\/05\/20160907_195018-1-246x300.jpg 246w, https:\/\/www.alterego-educationcanine.fr\/wp-content\/uploads\/2019\/05\/20160907_195018-1-768x938.jpg 768w, https:\/\/www.alterego-educationcanine.fr\/wp-content\/uploads\/2019\/05\/20160907_195018-1.jpg 884w\" sizes=\"auto, (max-width: 207px) 100vw, 207px\" \/><\/figure><\/div>\n\n\n\n<p>Lorsque j\u2019avais 5 ans, j\u2019\u00e9tais convaincue d\u2019une seule chose : les animaux pouvaient parler mais avaient jur\u00e9 de garder le secret. Je passais des heures \u00e0 n\u00e9gocier avec Wakoo et Biscotte, les chats de la maison pour les convaincre de me r\u00e9v\u00e9ler leurs secrets. Le rituel a persist\u00e9 des ann\u00e9es sans que le moindre mot ne leur \u00e9chappe. J\u2019ai fini par me r\u00e9signer et par oublier cette conviction. J\u2019ai alors cess\u00e9 d\u2019\u00e9couter. <\/p>\n\n\n\n<p>Les animaux ont alors repris leur injuste place d\u2019animaux que l\u2019on poss\u00e8de, que l&rsquo;on aime mais que l\u2019on maltraite pourtant parfois ! Mes ann\u00e9es d\u2019\u00e9quitation classique m\u2019avaient parall\u00e8lement appris que c\u2019\u00e9tait moi qui commandais et que je devais m\u2019imposer. Sinon? l\u2019animal allait \u00ab se payer ma t\u00eate ! \u00bb. J\u2019ai grandi et me suis forg\u00e9e dans cette optique. Nous sommes les ma\u00eetres de nos animaux, nous dominons et ils nous doivent ob\u00e9issance.<\/p>\n\n\n\n<p style=\"text-align:center\"><strong>Je n\u2019\u00e9coutais plus\u2026 Jusqu\u2019au jour o\u00f9 un petit chiot infernal et indisciplin\u00e9 a fait son entr\u00e9e dans ma vie!<\/strong><\/p>\n\n\n\n<p>June \u00e9tait l\u00e0, petite chose toute pliss\u00e9e pendue \u00e0 mes lacets, tournoyant autour de sa queue, mangeant mes livres et fon\u00e7ant droit sur ses cong\u00e9n\u00e8res comme il fon\u00e7ait t\u00eate baiss\u00e9e dans l\u2019existence. Forte (c\u2019est ce que je croyais) de ma pratique et de mes nombreuses lectures relatives \u00e0 la th\u00e9orie de la dominance, je remontais mes manches et d\u00e9cidais que ce petit chiot allait rentrer dans le rang !<\/p>\n\n\n\n<p>Je n\u2019\u00e9coutais plus, mais June lui, \u00e9tait bien d\u00e9cid\u00e9 \u00e0 se faire entendre ! Durant un an il a support\u00e9 mes col\u00e8res, mes le\u00e7ons de morale et mon \u00e9ducation \u00ab comme dans les livres \u00bb ! Durant un an, il m\u2019a guid\u00e9e et m\u2019a montr\u00e9 \u00e0 quel point je me trompais. Progressivement, il m\u2019a r\u00e9v\u00e9l\u00e9 les secrets que j\u2019esp\u00e9rais tellement entendre depuis l\u2019enfance !  Les animaux parlent\u2026 mais nous n\u2019\u00e9coutons pas ! Les yeux et les oreilles enfin grands ouverts, j\u2019ai r\u00e9appris \u00e0 \u00e9couter, \u00e0 voir, \u00e0 ressentir. J\u2019ai r\u00e9appris l\u2019empathie, l\u2019humilit\u00e9, la bienveillance, la patience\u2026 Ce parcours m\u2019a amen\u00e9e \u00e0 revoir ma vision de l\u2019animal et mon rapport \u00e0 autrui. C\u2019est gr\u00e2ce \u00e0 mon chiot courageux que je peux aujourd\u2019hui aider les chiens \u00e0 communiquer et leurs humains \u00e0 \u00e9couter et \u00e0 comprendre !   <\/p>\n","protected":false},"excerpt":{"rendered":"<p>Lorsque j\u2019avais 5 ans, j\u2019\u00e9tais convaincue d\u2019une seule chose : les animaux pouvaient parler mais avaient jur\u00e9 de garder le secret. Je passais des heures \u00e0 n\u00e9gocier avec Wakoo et Biscotte, les chats de la maison pour les convaincre de me r\u00e9v\u00e9ler leurs secrets. Le rituel a persist\u00e9 des ann\u00e9es sans que le moindre mot ne leur \u00e9chappe. J\u2019ai fini par me r\u00e9signer et par oublier cette conviction. J\u2019ai alors cess\u00e9 d\u2019\u00e9couter. Les animaux ont alors repris leur injuste place d\u2019animaux que l\u2019on poss\u00e8de, que l&rsquo;on aime mais que l\u2019on maltraite pourtant parfois ! Mes ann\u00e9es d\u2019\u00e9quitation classique m\u2019avaient parall\u00e8lement appris que c\u2019\u00e9tait moi qui commandais et que je devais m\u2019imposer. Sinon? l\u2019animal allait \u00ab se payer ma t\u00eate ! \u00bb. J\u2019ai grandi et me suis forg\u00e9e dans cette optique. Nous sommes les ma\u00eetres de nos animaux, nous dominons et ils nous doivent ob\u00e9issance. Je n\u2019\u00e9coutais plus\u2026 Jusqu\u2019au jour o\u00f9 un petit chiot infernal et indisciplin\u00e9 a fait son entr\u00e9e dans ma vie! June \u00e9tait l\u00e0, petite chose toute pliss\u00e9e pendue \u00e0 mes lacets, tournoyant autour de sa queue, mangeant mes livres et fon\u00e7ant droit sur ses cong\u00e9n\u00e8res comme il fon\u00e7ait t\u00eate baiss\u00e9e dans l\u2019existence. Forte (c\u2019est ce que je croyais) de ma pratique et de mes nombreuses lectures relatives \u00e0 la th\u00e9orie de la dominance, je remontais mes manches et d\u00e9cidais que ce petit chiot allait rentrer dans le rang ! Je n\u2019\u00e9coutais plus, mais June lui, \u00e9tait bien d\u00e9cid\u00e9 \u00e0 se faire entendre ! Durant un an il a support\u00e9 mes col\u00e8res, mes le\u00e7ons de morale et mon \u00e9ducation \u00ab comme dans les livres \u00bb ! Durant un an, il m\u2019a guid\u00e9e et m\u2019a montr\u00e9 \u00e0 quel point je me trompais. Progressivement, il m\u2019a r\u00e9v\u00e9l\u00e9 les secrets que j\u2019esp\u00e9rais tellement entendre depuis l\u2019enfance ! Les animaux parlent\u2026 mais nous n\u2019\u00e9coutons pas ! Les yeux et les oreilles enfin grands ouverts, j\u2019ai r\u00e9appris \u00e0 \u00e9couter, \u00e0 voir, \u00e0 ressentir. J\u2019ai r\u00e9appris l\u2019empathie, l\u2019humilit\u00e9, la bienveillance, la patience\u2026 Ce parcours m\u2019a amen\u00e9e \u00e0 revoir ma vision de l\u2019animal et mon rapport \u00e0 autrui. C\u2019est gr\u00e2ce \u00e0 mon chiot courageux que je peux aujourd\u2019hui aider les chiens \u00e0 communiquer et leurs humains \u00e0 \u00e9couter et \u00e0 comprendre !<\/p>\n","protected":false},"author":1,"featured_media":0,"parent":0,"menu_order":0,"comment_status":"closed","ping_status":"closed","template":"","meta":{"_monsterinsights_skip_tracking":false,"_monsterinsights_sitenote_active":false,"_monsterinsights_sitenote_note":"","_monsterinsights_sitenote_category":0,"footnotes":""},"class_list":["post-45","page","type-page","status-publish","hentry"],"_links":{"self":[{"href":"https:\/\/www.alterego-educationcanine.fr\/index.php\/wp-json\/wp\/v2\/pages\/45","targetHints":{"allow":["GET"]}}],"collection":[{"href":"https:\/\/www.alterego-educationcanine.fr\/index.php\/wp-json\/wp\/v2\/pages"}],"about":[{"href":"https:\/\/www.alterego-educationcanine.fr\/index.php\/wp-json\/wp\/v2\/types\/page"}],"author":[{"embeddable":true,"href":"https:\/\/www.alterego-educationcanine.fr\/index.php\/wp-json\/wp\/v2\/users\/1"}],"replies":[{"embeddable":true,"href":"https:\/\/www.alterego-educationcanine.fr\/index.php\/wp-json\/wp\/v2\/comments?post=45"}],"version-history":[{"count":7,"href":"https:\/\/www.alterego-educationcanine.fr\/index.php\/wp-json\/wp\/v2\/pages\/45\/revisions"}],"predecessor-version":[{"id":373,"href":"https:\/\/www.alterego-educationcanine.fr\/index.php\/wp-json\/wp\/v2\/pages\/45\/revisions\/373"}],"wp:attachment":[{"href":"https:\/\/www.alterego-educationcanine.fr\/index.php\/wp-json\/wp\/v2\/media?parent=45"}],"curies":[{"name":"wp","href":"https:\/\/api.w.org\/{rel}","templated":true}]}}