{"id":396,"date":"2022-05-23T14:54:18","date_gmt":"2022-05-23T12:54:18","guid":{"rendered":"http:\/\/www.alterego-educationcanine.fr\/?page_id=396"},"modified":"2022-05-23T16:37:55","modified_gmt":"2022-05-23T14:37:55","slug":"comportement-felin","status":"publish","type":"page","link":"https:\/\/www.alterego-educationcanine.fr\/index.php\/comportement-felin\/","title":{"rendered":"Comportement f\u00e9lin"},"content":{"rendered":"\n<p class=\"has-drop-cap\"><strong>Mais tu fais quoi avec les chats?<\/strong>  <br><\/p>\n\n\n\n<p>On me demande souvent ce que je fais lors de mes consultations de comportement f\u00e9lin et dans quel cadre j&rsquo;interviens. Les probl\u00e9matiques li\u00e9es \u00e0 nos petits f\u00e9lins peuvent \u00eatre multiples: mictions ou selles hors liti\u00e8re, agressivit\u00e9, difficult\u00e9s de cohabitation avec un autre animal du foyer, miaulements intempestifs \u00e0 3h du matin, destruction (canap\u00e9s et rideaux sont souvent les premi\u00e8res victimes)&#8230; Quel que soit le probl\u00e8me rencontr\u00e9, nous prenons le temps de faire le point ensemble pour en d\u00e9terminer la ou les causes et y apporter des solutions personnalis\u00e9es et durables. <br><br><\/p>\n\n\n\n<div class=\"wp-block-image\"><figure class=\"alignright\"><img loading=\"lazy\" decoding=\"async\" width=\"203\" height=\"300\" src=\"http:\/\/www.alterego-educationcanine.fr\/wp-content\/uploads\/2022\/05\/20201225_160703-2-203x300.jpg\" alt=\"\" class=\"wp-image-453\"\/><\/figure><\/div>\n\n\n\n<p><br><strong>Un chat, \u00e7a peut vraiment s&rsquo;\u00e9duquer?<\/strong><br><br>Au m\u00eame titre qu&rsquo;un chien, un humain, un cheval&#8230; les chats r\u00e9pondent aux m\u00eames lois de l&rsquo;apprentissage et sont donc capables d&rsquo;analyser leur environnement, les cons\u00e9quences de leurs actions et donc d&rsquo;apprendre et de modifier leur comportement en fonction. Comme pour les chiens, patience, confiance, constance et renforcement positif sont toutefois les ma\u00eetres mots pour donner envie \u00e0 votre chat de travailler avec vous. Apprendre \u00e0 rentrer sereinement dans une caisse de transport, \u00e0 mettre un harnais et \u00e0 marcher en laisse, se laisser soigner dans le calme ou, dans un but plus ludique, apprendre \u00e0 sauter dans un cerceau ou \u00e0 slalomer entre vos jambes, autant d&rsquo;exercices qu&rsquo;il est parfaitement possible de r\u00e9aliser avec un chat. <br><br><br><\/p>\n\n\n\n<div class=\"wp-block-image\"><figure class=\"alignleft is-resized\"><img loading=\"lazy\" decoding=\"async\" src=\"http:\/\/www.alterego-educationcanine.fr\/wp-content\/uploads\/2022\/05\/20210508_182207-2-967x1024.jpg\" alt=\"\" class=\"wp-image-406\" width=\"236\" height=\"249\"\/><\/figure><\/div>\n\n\n\n<p><strong>Comment \u00e7a s&rsquo;organise tout \u00e7a?<\/strong><br><br>De la m\u00eame fa\u00e7on que pour les chiens, nous nous rencontrons \u00e0 votre domicile lors du bilan comportemental. Ce rendez-vous nous permet de balayer l\u2019ensemble des probl\u00e9matiques rencontr\u00e9es avec votre ou vos chats. Cette premi\u00e8re consultation me permet \u00e9galement d\u2019analyser l\u2019environnement dans lequel \u00e9volue votre animal afin de v\u00e9rifier que celui ci r\u00e9pond bien \u00e0 ses besoins fondamentaux et n\u2019est pas source de stress. A l\u2019issue de ce bilan, un compte rendu d\u00e9taill\u00e9 vous est envoy\u00e9. Celui ci reprend les probl\u00e9matiques \u00e9voqu\u00e9es, mon analyse de la situation ainsi que les solutions \u00e0 mettre en place. Un suivi t\u00e9l\u00e9phonique est r\u00e9alis\u00e9 sur une dur\u00e9e de 3 mois afin de vous accompagner dans la mise en place de ces solutions et de r\u00e9adapter les protocoles si besoin. Dans certains cas, des s\u00e9ances individuelles \u00e0 domicile peuvent venir compl\u00e9ter ou soutenir le travail mis en place. <br><br><\/p>\n\n\n\n<div class=\"wp-block-image\"><figure class=\"alignright\"><img loading=\"lazy\" decoding=\"async\" width=\"300\" height=\"160\" src=\"http:\/\/www.alterego-educationcanine.fr\/wp-content\/uploads\/2022\/05\/20210607_142147-2-300x160.jpg\" alt=\"\" class=\"wp-image-413\"\/><\/figure><\/div>\n\n\n\n<p><strong>Comment d\u00e9marrer?<\/strong><\/p>\n\n\n\n<p class=\"has-text-color has-very-dark-gray-color\">Vous rencontrez des difficult\u00e9s avec votre chat? Vous ne comprenez pas pourquoi il vous griffe r\u00e9guli\u00e8rement ou pour quelle raison il refuse cat\u00e9goriquement d&rsquo;utiliser sa liti\u00e8re? Vous pouvez <strong><a rel=\"noreferrer noopener\" href=\"http:\/\/www.alterego-educationcanine.fr\/index.php\/me-contacter\/\" target=\"_blank\">me contacter<\/a><\/strong> ou <a rel=\"noreferrer noopener\" href=\"http:\/\/www.alterego-educationcanine.fr\/index.php\/tarifs-comportement-felin-2\/\" target=\"_blank\"><strong>d\u00e9couvrir mes tarifs<\/strong><\/a><strong>.<\/strong><\/p>\n","protected":false},"excerpt":{"rendered":"<p>Mais tu fais quoi avec les chats? On me demande souvent ce que je fais lors de mes consultations de comportement f\u00e9lin et dans quel cadre j&rsquo;interviens. Les probl\u00e9matiques li\u00e9es \u00e0 nos petits f\u00e9lins peuvent \u00eatre multiples: mictions ou selles hors liti\u00e8re, agressivit\u00e9, difficult\u00e9s de cohabitation avec un autre animal du foyer, miaulements intempestifs \u00e0 3h du matin, destruction (canap\u00e9s et rideaux sont souvent les premi\u00e8res victimes)&#8230; Quel que soit le probl\u00e8me rencontr\u00e9, nous prenons le temps de faire le point ensemble pour en d\u00e9terminer la ou les causes et y apporter des solutions personnalis\u00e9es et durables. Un chat, \u00e7a peut vraiment s&rsquo;\u00e9duquer? Au m\u00eame titre qu&rsquo;un chien, un humain, un cheval&#8230; les chats r\u00e9pondent aux m\u00eames lois de l&rsquo;apprentissage et sont donc capables d&rsquo;analyser leur environnement, les cons\u00e9quences de leurs actions et donc d&rsquo;apprendre et de modifier leur comportement en fonction. Comme pour les chiens, patience, confiance, constance et renforcement positif sont toutefois les ma\u00eetres mots pour donner envie \u00e0 votre chat de travailler avec vous. Apprendre \u00e0 rentrer sereinement dans une caisse de transport, \u00e0 mettre un harnais et \u00e0 marcher en laisse, se laisser soigner dans le calme ou, dans un but plus ludique, apprendre \u00e0 sauter dans un cerceau ou \u00e0 slalomer entre vos jambes, autant d&rsquo;exercices qu&rsquo;il est parfaitement possible de r\u00e9aliser avec un chat. Comment \u00e7a s&rsquo;organise tout \u00e7a? De la m\u00eame fa\u00e7on que pour les chiens, nous nous rencontrons \u00e0 votre domicile lors du bilan comportemental. Ce rendez-vous nous permet de balayer l\u2019ensemble des probl\u00e9matiques rencontr\u00e9es avec votre ou vos chats. Cette premi\u00e8re consultation me permet \u00e9galement d\u2019analyser l\u2019environnement dans lequel \u00e9volue votre animal afin de v\u00e9rifier que celui ci r\u00e9pond bien \u00e0 ses besoins fondamentaux et n\u2019est pas source de stress. A l\u2019issue de ce bilan, un compte rendu d\u00e9taill\u00e9 vous est envoy\u00e9. Celui ci reprend les probl\u00e9matiques \u00e9voqu\u00e9es, mon analyse de la situation ainsi que les solutions \u00e0 mettre en place. Un suivi t\u00e9l\u00e9phonique est r\u00e9alis\u00e9 sur une dur\u00e9e de 3 mois afin de vous accompagner dans la mise en place de ces solutions et de r\u00e9adapter les protocoles si besoin. Dans certains cas, des s\u00e9ances individuelles \u00e0 domicile peuvent venir compl\u00e9ter ou soutenir le travail mis en place. Comment d\u00e9marrer? Vous rencontrez des difficult\u00e9s avec votre chat? Vous ne comprenez pas pourquoi il vous griffe r\u00e9guli\u00e8rement ou pour quelle raison il refuse cat\u00e9goriquement d&rsquo;utiliser sa liti\u00e8re? Vous pouvez me contacter ou d\u00e9couvrir mes tarifs.<\/p>\n","protected":false},"author":1,"featured_media":0,"parent":0,"menu_order":0,"comment_status":"closed","ping_status":"closed","template":"","meta":{"_monsterinsights_skip_tracking":false,"_monsterinsights_sitenote_active":false,"_monsterinsights_sitenote_note":"","_monsterinsights_sitenote_category":0,"footnotes":""},"class_list":["post-396","page","type-page","status-publish","hentry"],"_links":{"self":[{"href":"https:\/\/www.alterego-educationcanine.fr\/index.php\/wp-json\/wp\/v2\/pages\/396","targetHints":{"allow":["GET"]}}],"collection":[{"href":"https:\/\/www.alterego-educationcanine.fr\/index.php\/wp-json\/wp\/v2\/pages"}],"about":[{"href":"https:\/\/www.alterego-educationcanine.fr\/index.php\/wp-json\/wp\/v2\/types\/page"}],"author":[{"embeddable":true,"href":"https:\/\/www.alterego-educationcanine.fr\/index.php\/wp-json\/wp\/v2\/users\/1"}],"replies":[{"embeddable":true,"href":"https:\/\/www.alterego-educationcanine.fr\/index.php\/wp-json\/wp\/v2\/comments?post=396"}],"version-history":[{"count":49,"href":"https:\/\/www.alterego-educationcanine.fr\/index.php\/wp-json\/wp\/v2\/pages\/396\/revisions"}],"predecessor-version":[{"id":454,"href":"https:\/\/www.alterego-educationcanine.fr\/index.php\/wp-json\/wp\/v2\/pages\/396\/revisions\/454"}],"wp:attachment":[{"href":"https:\/\/www.alterego-educationcanine.fr\/index.php\/wp-json\/wp\/v2\/media?parent=396"}],"curies":[{"name":"wp","href":"https:\/\/api.w.org\/{rel}","templated":true}]}}