{"id":36,"date":"2019-05-06T18:23:42","date_gmt":"2019-05-06T16:23:42","guid":{"rendered":"http:\/\/www.alterego-educationcanine.fr\/?page_id=36"},"modified":"2019-05-15T16:37:26","modified_gmt":"2019-05-15T14:37:26","slug":"philosophie","status":"publish","type":"page","link":"https:\/\/www.alterego-educationcanine.fr\/index.php\/philosophie\/","title":{"rendered":"Mon \u00e9thique"},"content":{"rendered":"\n<blockquote class=\"wp-block-quote is-layout-flow wp-block-quote-is-layout-flow\"><p><strong>ETHIQUE<\/strong> (nom f\u00e9minin): Ensemble des principes moraux qui sont \u00e0 la base de la conduite de quelqu&rsquo;un.<br><\/p><cite>Dictionnaire Larousse<\/cite><\/blockquote>\n\n\n\n<p>Et ce sont pr\u00e9cis\u00e9ment mes valeurs morales qui sont au centre de ma pratique de l&rsquo;\u00e9ducation canine. Ce sont mes valeurs morales qui vous permettent de partir en vacances l&rsquo;esprit libre en sachant que je veille sur vos animaux car elles sont le fondement de ma m\u00e9thode de travail et se sont construites et renforc\u00e9es tout au long de mon parcours.<\/p>\n\n\n\n<div class=\"wp-block-image\"><figure class=\"alignleft is-resized\"><img loading=\"lazy\" decoding=\"async\" src=\"http:\/\/www.alterego-educationcanine.fr\/wp-content\/uploads\/2019\/05\/IMGP1020-1024x678.jpg\" alt=\"\" class=\"wp-image-305\" width=\"512\" height=\"339\" srcset=\"https:\/\/www.alterego-educationcanine.fr\/wp-content\/uploads\/2019\/05\/IMGP1020-1024x678.jpg 1024w, https:\/\/www.alterego-educationcanine.fr\/wp-content\/uploads\/2019\/05\/IMGP1020-300x199.jpg 300w, https:\/\/www.alterego-educationcanine.fr\/wp-content\/uploads\/2019\/05\/IMGP1020-768x509.jpg 768w, https:\/\/www.alterego-educationcanine.fr\/wp-content\/uploads\/2019\/05\/IMGP1020-1140x755.jpg 1140w\" sizes=\"auto, (max-width: 512px) 100vw, 512px\" \/><\/figure><\/div>\n\n\n\n<p><br><br><br><strong><a href=\"http:\/\/www.alterego-educationcanine.fr\/index.php\/mon-parcours\/\">Que m&rsquo;a apport\u00e9 mon parcours dans tout \u00e7a? <\/a><\/strong><br>Voici quelques mots cl\u00e9s pour vous donner une id\u00e9e: savoir faire, curiosit\u00e9 intellectuelle, esprit d&rsquo;analyse, comp\u00e9tences techniques, connaissances scientifiques&#8230; <br><strong><a href=\"http:\/\/www.alterego-educationcanine.fr\/index.php\/mon-parcours\/\">D\u00e9couvrez mon parcours<\/a><\/strong><br><br><br><br><br><br><br><\/p>\n\n\n\n<div class=\"wp-block-image\"><figure class=\"alignleft is-resized\"><img loading=\"lazy\" decoding=\"async\" src=\"http:\/\/www.alterego-educationcanine.fr\/wp-content\/uploads\/2019\/05\/20141104_165821-e1557775308597-768x1024.jpg\" alt=\"\" class=\"wp-image-317\" width=\"384\" height=\"512\" srcset=\"https:\/\/www.alterego-educationcanine.fr\/wp-content\/uploads\/2019\/05\/20141104_165821-e1557775308597-768x1024.jpg 768w, https:\/\/www.alterego-educationcanine.fr\/wp-content\/uploads\/2019\/05\/20141104_165821-e1557775308597-225x300.jpg 225w, https:\/\/www.alterego-educationcanine.fr\/wp-content\/uploads\/2019\/05\/20141104_165821-e1557775308597-1140x1520.jpg 1140w\" sizes=\"auto, (max-width: 384px) 100vw, 384px\" \/><\/figure><\/div>\n\n\n\n<p><br><br><br><a href=\"http:\/\/www.alterego-educationcanine.fr\/index.php\/ma-methode\/\"><strong>Et ma m\u00e9thode en quelques mots?<\/strong><\/a><strong> <\/strong><br>Voici quelques mots pour la d\u00e9finir: patience, bienveillance, \u00e9coute, discr\u00e9tion, disponibilit\u00e9, sollicitude, int\u00e9grit\u00e9, respect du chien et de l&rsquo;humain&#8230;<br><strong><a href=\"http:\/\/www.alterego-educationcanine.fr\/index.php\/ma-methode\/\">D\u00e9couvrez ma m\u00e9thode d&rsquo;\u00e9ducation canine<\/a><\/strong><br><br><br><br><br><br><br><\/p>\n\n\n\n<p style=\"text-align:center\">\n\n<a class=\"maxbutton-1 maxbutton maxbutton-me-contacter\" href=\"\/index.php\/me-contacter\/\"><span class='mb-text'>ME CONTACTER<\/span><\/a>\n\n<\/p>\n\n\n\n<p><\/p>\n\n\n\n<p><\/p>\n\n\n\n<p><br><br><br><\/p>\n","protected":false},"excerpt":{"rendered":"<p>ETHIQUE (nom f\u00e9minin): Ensemble des principes moraux qui sont \u00e0 la base de la conduite de quelqu&rsquo;un. Dictionnaire Larousse Et ce sont pr\u00e9cis\u00e9ment mes valeurs morales qui sont au centre de ma pratique de l&rsquo;\u00e9ducation canine. Ce sont mes valeurs morales qui vous permettent de partir en vacances l&rsquo;esprit libre en sachant que je veille sur vos animaux car elles sont le fondement de ma m\u00e9thode de travail et se sont construites et renforc\u00e9es tout au long de mon parcours. Que m&rsquo;a apport\u00e9 mon parcours dans tout \u00e7a? Voici quelques mots cl\u00e9s pour vous donner une id\u00e9e: savoir faire, curiosit\u00e9 intellectuelle, esprit d&rsquo;analyse, comp\u00e9tences techniques, connaissances scientifiques&#8230; D\u00e9couvrez mon parcours Et ma m\u00e9thode en quelques mots? Voici quelques mots pour la d\u00e9finir: patience, bienveillance, \u00e9coute, discr\u00e9tion, disponibilit\u00e9, sollicitude, int\u00e9grit\u00e9, respect du chien et de l&rsquo;humain&#8230;D\u00e9couvrez ma m\u00e9thode d&rsquo;\u00e9ducation canine<\/p>\n","protected":false},"author":1,"featured_media":0,"parent":0,"menu_order":0,"comment_status":"closed","ping_status":"closed","template":"","meta":{"_monsterinsights_skip_tracking":false,"_monsterinsights_sitenote_active":false,"_monsterinsights_sitenote_note":"","_monsterinsights_sitenote_category":0,"footnotes":""},"class_list":["post-36","page","type-page","status-publish","hentry"],"_links":{"self":[{"href":"https:\/\/www.alterego-educationcanine.fr\/index.php\/wp-json\/wp\/v2\/pages\/36","targetHints":{"allow":["GET"]}}],"collection":[{"href":"https:\/\/www.alterego-educationcanine.fr\/index.php\/wp-json\/wp\/v2\/pages"}],"about":[{"href":"https:\/\/www.alterego-educationcanine.fr\/index.php\/wp-json\/wp\/v2\/types\/page"}],"author":[{"embeddable":true,"href":"https:\/\/www.alterego-educationcanine.fr\/index.php\/wp-json\/wp\/v2\/users\/1"}],"replies":[{"embeddable":true,"href":"https:\/\/www.alterego-educationcanine.fr\/index.php\/wp-json\/wp\/v2\/comments?post=36"}],"version-history":[{"count":8,"href":"https:\/\/www.alterego-educationcanine.fr\/index.php\/wp-json\/wp\/v2\/pages\/36\/revisions"}],"predecessor-version":[{"id":339,"href":"https:\/\/www.alterego-educationcanine.fr\/index.php\/wp-json\/wp\/v2\/pages\/36\/revisions\/339"}],"wp:attachment":[{"href":"https:\/\/www.alterego-educationcanine.fr\/index.php\/wp-json\/wp\/v2\/media?parent=36"}],"curies":[{"name":"wp","href":"https:\/\/api.w.org\/{rel}","templated":true}]}}