{"id":280,"date":"2019-05-10T00:15:43","date_gmt":"2019-05-09T22:15:43","guid":{"rendered":"http:\/\/www.alterego-educationcanine.fr\/?page_id=280"},"modified":"2022-05-23T17:04:15","modified_gmt":"2022-05-23T15:04:15","slug":"mes-services-r","status":"publish","type":"page","link":"https:\/\/www.alterego-educationcanine.fr\/index.php\/mes-services-r\/","title":{"rendered":"Mes services"},"content":{"rendered":"\n<p>Que recherchez vous?<br><br><br><br><\/p>\n\n\n\n<div class=\"wp-block-image\"><figure class=\"alignleft is-resized\"><img loading=\"lazy\" decoding=\"async\" src=\"http:\/\/www.alterego-educationcanine.fr\/wp-content\/uploads\/2019\/05\/trio-1024x534.jpg\" alt=\"\" class=\"wp-image-24\" width=\"512\" height=\"267\" srcset=\"https:\/\/www.alterego-educationcanine.fr\/wp-content\/uploads\/2019\/05\/trio-1024x534.jpg 1024w, https:\/\/www.alterego-educationcanine.fr\/wp-content\/uploads\/2019\/05\/trio-300x156.jpg 300w, https:\/\/www.alterego-educationcanine.fr\/wp-content\/uploads\/2019\/05\/trio-768x400.jpg 768w, https:\/\/www.alterego-educationcanine.fr\/wp-content\/uploads\/2019\/05\/trio.jpg 1496w\" sizes=\"auto, (max-width: 512px) 100vw, 512px\" \/><\/figure><\/div>\n\n\n\n<p><br><br><strong><a href=\"http:\/\/www.alterego-educationcanine.fr\/index.php\/education-canine\/\">Education canine<\/a><\/strong><br>Si vous souhaitez bien d\u00e9marrer avec votre chiot, apprendre les bases \u00e0 votre nouveau compagnon canin, r\u00e9\u00e9duquer votre chien sur des probl\u00e9matiques plus ancr\u00e9es ou simplement progresser et apprendre \u00e0 \u00ab\u00a0parler chien\u00a0\u00bb&#8230; <br>Alors d\u00e9couvrez mes services en <strong><a href=\"http:\/\/www.alterego-educationcanine.fr\/index.php\/education-canine\/\">\u00e9ducation canine \u00e0 Bordeaux, CUB et Gironde<\/a><\/strong><br><br><br><br><\/p>\n\n\n\n<div class=\"wp-block-image\"><figure class=\"alignleft\"><img loading=\"lazy\" decoding=\"async\" width=\"512\" height=\"312\" src=\"http:\/\/www.alterego-educationcanine.fr\/wp-content\/uploads\/2022\/05\/Raymond.jpg\" alt=\"\" class=\"wp-image-461\" srcset=\"https:\/\/www.alterego-educationcanine.fr\/wp-content\/uploads\/2022\/05\/Raymond.jpg 512w, https:\/\/www.alterego-educationcanine.fr\/wp-content\/uploads\/2022\/05\/Raymond-300x183.jpg 300w\" sizes=\"auto, (max-width: 512px) 100vw, 512px\" \/><\/figure><\/div>\n\n\n\n<p><br><br><a rel=\"noreferrer noopener\" aria-label=\"Comportement f\u00e9lin (opens in a new tab)\" href=\"http:\/\/www.alterego-educationcanine.fr\/index.php\/comportement-felin\/\" target=\"_blank\"><strong>Comportement f\u00e9lin<\/strong><\/a><br><br>Votre chat vous donne du fil \u00e0 retordre? Il urine sur votre lit ou ne s&rsquo;entend pas avec votre chien? Alors d\u00e9couvrez mes services en <a rel=\"noreferrer noopener\" aria-label=\"Comportement f\u00e9lin (opens in a new tab)\" href=\"http:\/\/www.alterego-educationcanine.fr\/index.php\/comportement-felin\/\" target=\"_blank\"><strong>Comportement f\u00e9lin \u00e0 Bordeaux, Gironde et CUB.<\/strong><\/a><br><br><br><br><br><br><br><\/p>\n\n\n\n<div class=\"wp-block-image\"><figure class=\"alignleft is-resized\"><img loading=\"lazy\" decoding=\"async\" src=\"http:\/\/www.alterego-educationcanine.fr\/wp-content\/uploads\/2019\/05\/20190206_102530-1024x576.jpg\" alt=\"\" class=\"wp-image-311\" width=\"512\" height=\"288\" srcset=\"https:\/\/www.alterego-educationcanine.fr\/wp-content\/uploads\/2019\/05\/20190206_102530-1024x576.jpg 1024w, https:\/\/www.alterego-educationcanine.fr\/wp-content\/uploads\/2019\/05\/20190206_102530-300x169.jpg 300w, https:\/\/www.alterego-educationcanine.fr\/wp-content\/uploads\/2019\/05\/20190206_102530-768x432.jpg 768w, https:\/\/www.alterego-educationcanine.fr\/wp-content\/uploads\/2019\/05\/20190206_102530-1140x641.jpg 1140w\" sizes=\"auto, (max-width: 512px) 100vw, 512px\" \/><\/figure><\/div>\n\n\n\n<p><br><br><a href=\"http:\/\/www.alterego-educationcanine.fr\/index.php\/promenades-de-chien\/\"><strong>Promenades de chien<\/strong><\/a><br>Votre emploi du temps ne vous permet pas de combler les besoins en sortie de votre partenaire canin, alors d\u00e9couvrez mes services de <strong><a href=\"http:\/\/www.alterego-educationcanine.fr\/index.php\/promenades-de-chien\/\">Promenades de chien \u00e0 Bordeaux et CUB<\/a><\/strong><br><br><br><br><br><br><br><\/p>\n\n\n\n<div class=\"wp-block-image\"><figure class=\"alignleft is-resized\"><img loading=\"lazy\" decoding=\"async\" src=\"http:\/\/www.alterego-educationcanine.fr\/wp-content\/uploads\/2019\/05\/20190424_155702-1024x576.jpg\" alt=\"\" class=\"wp-image-313\" width=\"512\" height=\"288\" srcset=\"https:\/\/www.alterego-educationcanine.fr\/wp-content\/uploads\/2019\/05\/20190424_155702-1024x576.jpg 1024w, https:\/\/www.alterego-educationcanine.fr\/wp-content\/uploads\/2019\/05\/20190424_155702-300x169.jpg 300w, https:\/\/www.alterego-educationcanine.fr\/wp-content\/uploads\/2019\/05\/20190424_155702-768x432.jpg 768w, https:\/\/www.alterego-educationcanine.fr\/wp-content\/uploads\/2019\/05\/20190424_155702-1140x641.jpg 1140w\" sizes=\"auto, (max-width: 512px) 100vw, 512px\" \/><\/figure><\/div>\n\n\n\n<p><br><br><strong><a href=\"http:\/\/www.alterego-educationcanine.fr\/index.php\/chats-et-nac\/\">Pet-Sitting<\/a><\/strong><br>Vous partez en vacances et ne savez pas que faire de votre chat ou de votre NAC (Nouveaux Animaux de Compagnie) durant votre absence, rassurez vous, vous trouverez ici toutes les informations n\u00e9cessaires concernant mon service de <strong><a href=\"http:\/\/www.alterego-educationcanine.fr\/index.php\/chats-et-nac\/\">Pet sitting \u00e0 Bordeaux et CUB <\/a><\/strong><br><br><br><\/p>\n\n\n\n<p style=\"text-align:center\"><br><br><br> <br><a class=\"maxbutton-1 maxbutton maxbutton-me-contacter\" href=\"\/index.php\/me-contacter\/\"><span class='mb-text'>ME CONTACTER<\/span><\/a> <\/p>\n","protected":false},"excerpt":{"rendered":"<p>Que recherchez vous? Education canineSi vous souhaitez bien d\u00e9marrer avec votre chiot, apprendre les bases \u00e0 votre nouveau compagnon canin, r\u00e9\u00e9duquer votre chien sur des probl\u00e9matiques plus ancr\u00e9es ou simplement progresser et apprendre \u00e0 \u00ab\u00a0parler chien\u00a0\u00bb&#8230; Alors d\u00e9couvrez mes services en \u00e9ducation canine \u00e0 Bordeaux, CUB et Gironde Comportement f\u00e9lin Votre chat vous donne du fil \u00e0 retordre? Il urine sur votre lit ou ne s&rsquo;entend pas avec votre chien? Alors d\u00e9couvrez mes services en Comportement f\u00e9lin \u00e0 Bordeaux, Gironde et CUB. Promenades de chienVotre emploi du temps ne vous permet pas de combler les besoins en sortie de votre partenaire canin, alors d\u00e9couvrez mes services de Promenades de chien \u00e0 Bordeaux et CUB Pet-SittingVous partez en vacances et ne savez pas que faire de votre chat ou de votre NAC (Nouveaux Animaux de Compagnie) durant votre absence, rassurez vous, vous trouverez ici toutes les informations n\u00e9cessaires concernant mon service de Pet sitting \u00e0 Bordeaux et CUB<\/p>\n","protected":false},"author":1,"featured_media":0,"parent":0,"menu_order":0,"comment_status":"closed","ping_status":"closed","template":"","meta":{"_monsterinsights_skip_tracking":false,"_monsterinsights_sitenote_active":false,"_monsterinsights_sitenote_note":"","_monsterinsights_sitenote_category":0,"footnotes":""},"class_list":["post-280","page","type-page","status-publish","hentry"],"_links":{"self":[{"href":"https:\/\/www.alterego-educationcanine.fr\/index.php\/wp-json\/wp\/v2\/pages\/280","targetHints":{"allow":["GET"]}}],"collection":[{"href":"https:\/\/www.alterego-educationcanine.fr\/index.php\/wp-json\/wp\/v2\/pages"}],"about":[{"href":"https:\/\/www.alterego-educationcanine.fr\/index.php\/wp-json\/wp\/v2\/types\/page"}],"author":[{"embeddable":true,"href":"https:\/\/www.alterego-educationcanine.fr\/index.php\/wp-json\/wp\/v2\/users\/1"}],"replies":[{"embeddable":true,"href":"https:\/\/www.alterego-educationcanine.fr\/index.php\/wp-json\/wp\/v2\/comments?post=280"}],"version-history":[{"count":9,"href":"https:\/\/www.alterego-educationcanine.fr\/index.php\/wp-json\/wp\/v2\/pages\/280\/revisions"}],"predecessor-version":[{"id":462,"href":"https:\/\/www.alterego-educationcanine.fr\/index.php\/wp-json\/wp\/v2\/pages\/280\/revisions\/462"}],"wp:attachment":[{"href":"https:\/\/www.alterego-educationcanine.fr\/index.php\/wp-json\/wp\/v2\/media?parent=280"}],"curies":[{"name":"wp","href":"https:\/\/api.w.org\/{rel}","templated":true}]}}