{"id":26,"date":"2019-05-06T18:20:50","date_gmt":"2019-05-06T16:20:50","guid":{"rendered":"http:\/\/www.alterego-educationcanine.fr\/?page_id=26"},"modified":"2019-05-17T19:07:08","modified_gmt":"2019-05-17T17:07:08","slug":"presentations-pages","status":"publish","type":"page","link":"https:\/\/www.alterego-educationcanine.fr\/index.php\/presentations-pages\/","title":{"rendered":"L&rsquo;\u00e9quipe"},"content":{"rendered":"\n<p>Derri\u00e8re les services d&rsquo;\u00e9ducation canine, promenades canines et pet-sitting \u00e0 Bordeaux, CUB et Gironde se trouve une sacr\u00e9e \u00e9quipe log\u00e9e en plein coeur de la belle ville de Bordeaux. Mais alors qui sommes nous? D\u00e9couvrez le!<br><br><br><\/p>\n\n\n\n<div class=\"wp-block-image\"><figure class=\"alignleft is-resized\"><img loading=\"lazy\" decoding=\"async\" src=\"http:\/\/www.alterego-educationcanine.fr\/wp-content\/uploads\/2019\/05\/20190122_155611-e1557756665755-1024x1024.jpg\" alt=\"\" class=\"wp-image-295\" width=\"256\" height=\"256\" srcset=\"https:\/\/www.alterego-educationcanine.fr\/wp-content\/uploads\/2019\/05\/20190122_155611-e1557756665755-1024x1024.jpg 1024w, https:\/\/www.alterego-educationcanine.fr\/wp-content\/uploads\/2019\/05\/20190122_155611-e1557756665755-150x150.jpg 150w, https:\/\/www.alterego-educationcanine.fr\/wp-content\/uploads\/2019\/05\/20190122_155611-e1557756665755-300x300.jpg 300w, https:\/\/www.alterego-educationcanine.fr\/wp-content\/uploads\/2019\/05\/20190122_155611-e1557756665755-768x768.jpg 768w, https:\/\/www.alterego-educationcanine.fr\/wp-content\/uploads\/2019\/05\/20190122_155611-e1557756665755-1140x1140.jpg 1140w, https:\/\/www.alterego-educationcanine.fr\/wp-content\/uploads\/2019\/05\/20190122_155611-e1557756665755-75x75.jpg 75w\" sizes=\"auto, (max-width: 256px) 100vw, 256px\" \/><\/figure><\/div>\n\n\n\n<p><br><br><br><a href=\"http:\/\/www.alterego-educationcanine.fr\/index.php\/amelie\/\"><strong>Am\u00e9lie &#8211; Educatrice canin dipl\u00f4m\u00e9e d&rsquo;Etat, Pet sitter professionnelle<\/strong><\/a><br>J&rsquo;oeuvre \u00e0 Bordeaux et sur l&rsquo;ensemble de la CUB et de la Gironde pour vous aider \u00e0 r\u00e9tablir une relation sereine avec votre chien ou pour prendre soin de vos compagnons (chiens, chats, NAC) durant vos absences.<br><strong><a href=\"http:\/\/www.alterego-educationcanine.fr\/index.php\/amelie\/\">En apprendre plus sur moi<\/a><\/strong><br><br><br><br><br><\/p>\n\n\n\n<p><\/p>\n\n\n\n<p><\/p>\n\n\n\n<div class=\"wp-block-image\"><figure class=\"alignleft is-resized\"><img loading=\"lazy\" decoding=\"async\" src=\"http:\/\/www.alterego-educationcanine.fr\/wp-content\/uploads\/2019\/05\/June-918x1024.jpg\" alt=\"\" class=\"wp-image-298\" width=\"256\" height=\"256\" srcset=\"https:\/\/www.alterego-educationcanine.fr\/wp-content\/uploads\/2019\/05\/June-150x150.jpg 150w, https:\/\/www.alterego-educationcanine.fr\/wp-content\/uploads\/2019\/05\/June-300x300.jpg 300w, https:\/\/www.alterego-educationcanine.fr\/wp-content\/uploads\/2019\/05\/June-75x75.jpg 75w\" sizes=\"auto, (max-width: 256px) 100vw, 256px\" \/><\/figure><\/div>\n\n\n\n<p><br><br><br><a href=\"http:\/\/www.alterego-educationcanine.fr\/index.php\/june\/\"><strong>June &#8211; Crois\u00e9 Boxer\/Sharpei, agitateur et co-\u00e9ducateur<\/strong><\/a><br>Souvent \u00e0 mes c\u00f4t\u00e9s lors des s\u00e9ances en ext\u00e9rieur, il aide \u00e0 la socialisation de votre compagnon et au respect de la politesse canine. Mais ce qu&rsquo;il aime le plus, c&rsquo;est servir de distraction pendant que vos chiens travaillent!<br><strong><a href=\"http:\/\/www.alterego-educationcanine.fr\/index.php\/june\/\">En apprendre plus sur June<\/a><\/strong><br><span style=\"background-color: rgb(232, 234, 235);\"><br><br><\/span><br><span style=\"background-color: rgb(232, 234, 235);\"><br><\/span><\/p>\n\n\n\n<div class=\"wp-block-image\"><figure class=\"alignleft is-resized\"><img loading=\"lazy\" decoding=\"async\" src=\"http:\/\/www.alterego-educationcanine.fr\/wp-content\/uploads\/2019\/05\/Louve-et-Arthur-945x1024.jpg\" alt=\"\" class=\"wp-image-300\" width=\"256\" height=\"256\" srcset=\"https:\/\/www.alterego-educationcanine.fr\/wp-content\/uploads\/2019\/05\/Louve-et-Arthur-150x150.jpg 150w, https:\/\/www.alterego-educationcanine.fr\/wp-content\/uploads\/2019\/05\/Louve-et-Arthur-300x300.jpg 300w, https:\/\/www.alterego-educationcanine.fr\/wp-content\/uploads\/2019\/05\/Louve-et-Arthur-75x75.jpg 75w\" sizes=\"auto, (max-width: 256px) 100vw, 256px\" \/><\/figure><\/div>\n\n\n\n<p><br><br><br><strong><a href=\"http:\/\/www.alterego-educationcanine.fr\/index.php\/louve-arthur\/\">Louve &amp; Arthur &#8211; Instagrameurs, influenceurs et chats de goutti\u00e8re professionnels<\/a><\/strong><br>Louve &amp; Arthur prennent leur image tr\u00e8s au s\u00e9rieux. Stars d&rsquo;Instagram (en tout cas ils en sont persuad\u00e9s), ils veillent au bon fonctionnement de l&rsquo;entreprise en se concentrant notamment sur l&rsquo;intendance Gamelles\/Liti\u00e8res, ce qui repr\u00e9sente pour eux un vrai travail \u00e0 temps plein!<br><strong><a href=\"http:\/\/www.alterego-educationcanine.fr\/index.php\/louve-arthur\/\">En apprendre plus sur Louve &amp; Arthur<\/a><\/strong><br><br><br><br><br><\/p>\n\n\n\n<p style=\"text-align:center\"> <a class=\"maxbutton-1 maxbutton maxbutton-me-contacter\" href=\"\/index.php\/me-contacter\/\"><span class='mb-text'>ME CONTACTER<\/span><\/a><br><br><\/p>\n","protected":false},"excerpt":{"rendered":"<p>Derri\u00e8re les services d&rsquo;\u00e9ducation canine, promenades canines et pet-sitting \u00e0 Bordeaux, CUB et Gironde se trouve une sacr\u00e9e \u00e9quipe log\u00e9e en plein coeur de la belle ville de Bordeaux. Mais alors qui sommes nous? D\u00e9couvrez le! Am\u00e9lie &#8211; Educatrice canin dipl\u00f4m\u00e9e d&rsquo;Etat, Pet sitter professionnelleJ&rsquo;oeuvre \u00e0 Bordeaux et sur l&rsquo;ensemble de la CUB et de la Gironde pour vous aider \u00e0 r\u00e9tablir une relation sereine avec votre chien ou pour prendre soin de vos compagnons (chiens, chats, NAC) durant vos absences.En apprendre plus sur moi June &#8211; Crois\u00e9 Boxer\/Sharpei, agitateur et co-\u00e9ducateurSouvent \u00e0 mes c\u00f4t\u00e9s lors des s\u00e9ances en ext\u00e9rieur, il aide \u00e0 la socialisation de votre compagnon et au respect de la politesse canine. Mais ce qu&rsquo;il aime le plus, c&rsquo;est servir de distraction pendant que vos chiens travaillent!En apprendre plus sur June Louve &amp; Arthur &#8211; Instagrameurs, influenceurs et chats de goutti\u00e8re professionnelsLouve &amp; Arthur prennent leur image tr\u00e8s au s\u00e9rieux. Stars d&rsquo;Instagram (en tout cas ils en sont persuad\u00e9s), ils veillent au bon fonctionnement de l&rsquo;entreprise en se concentrant notamment sur l&rsquo;intendance Gamelles\/Liti\u00e8res, ce qui repr\u00e9sente pour eux un vrai travail \u00e0 temps plein!En apprendre plus sur Louve &amp; Arthur<\/p>\n","protected":false},"author":1,"featured_media":0,"parent":0,"menu_order":0,"comment_status":"closed","ping_status":"closed","template":"","meta":{"_monsterinsights_skip_tracking":false,"_monsterinsights_sitenote_active":false,"_monsterinsights_sitenote_note":"","_monsterinsights_sitenote_category":0,"footnotes":""},"class_list":["post-26","page","type-page","status-publish","hentry"],"_links":{"self":[{"href":"https:\/\/www.alterego-educationcanine.fr\/index.php\/wp-json\/wp\/v2\/pages\/26","targetHints":{"allow":["GET"]}}],"collection":[{"href":"https:\/\/www.alterego-educationcanine.fr\/index.php\/wp-json\/wp\/v2\/pages"}],"about":[{"href":"https:\/\/www.alterego-educationcanine.fr\/index.php\/wp-json\/wp\/v2\/types\/page"}],"author":[{"embeddable":true,"href":"https:\/\/www.alterego-educationcanine.fr\/index.php\/wp-json\/wp\/v2\/users\/1"}],"replies":[{"embeddable":true,"href":"https:\/\/www.alterego-educationcanine.fr\/index.php\/wp-json\/wp\/v2\/comments?post=26"}],"version-history":[{"count":7,"href":"https:\/\/www.alterego-educationcanine.fr\/index.php\/wp-json\/wp\/v2\/pages\/26\/revisions"}],"predecessor-version":[{"id":357,"href":"https:\/\/www.alterego-educationcanine.fr\/index.php\/wp-json\/wp\/v2\/pages\/26\/revisions\/357"}],"wp:attachment":[{"href":"https:\/\/www.alterego-educationcanine.fr\/index.php\/wp-json\/wp\/v2\/media?parent=26"}],"curies":[{"name":"wp","href":"https:\/\/api.w.org\/{rel}","templated":true}]}}