{"id":130,"date":"2019-05-06T22:58:13","date_gmt":"2019-05-06T20:58:13","guid":{"rendered":"http:\/\/www.alterego-educationcanine.fr\/?page_id=130"},"modified":"2026-03-17T12:29:56","modified_gmt":"2026-03-17T11:29:56","slug":"bienvenue","status":"publish","type":"page","link":"https:\/\/www.alterego-educationcanine.fr\/","title":{"rendered":"Bonjour et bienvenue!"},"content":{"rendered":"\n<p class=\"has-medium-font-size\">Voici un petit sommaire pour aller \u00e0 l&rsquo;essentiel et simplifier votre navigation sur le site d&rsquo;Am\u00e9lie Chatenet, \u00e9ducatrice comportementaliste canin, comportementaliste f\u00e9lin et pet sitter professionnelle \u00e0 Bordeaux et Cenon.<br><br><br><\/p>\n\n\n<div class=\"wp-block-image\">\n<figure class=\"alignright is-resized\"><img loading=\"lazy\" decoding=\"async\" width=\"682\" height=\"1024\" src=\"http:\/\/www.alterego-educationcanine.fr\/wp-content\/uploads\/2019\/05\/mini-doberman-on-couch_925x-682x1024.jpg\" alt=\"\" class=\"wp-image-131\" style=\"width:341px;height:512px\" srcset=\"https:\/\/www.alterego-educationcanine.fr\/wp-content\/uploads\/2019\/05\/mini-doberman-on-couch_925x-682x1024.jpg 682w, https:\/\/www.alterego-educationcanine.fr\/wp-content\/uploads\/2019\/05\/mini-doberman-on-couch_925x-200x300.jpg 200w, https:\/\/www.alterego-educationcanine.fr\/wp-content\/uploads\/2019\/05\/mini-doberman-on-couch_925x-768x1152.jpg 768w, https:\/\/www.alterego-educationcanine.fr\/wp-content\/uploads\/2019\/05\/mini-doberman-on-couch_925x.jpg 925w\" sizes=\"auto, (max-width: 682px) 100vw, 682px\" \/><figcaption class=\"wp-element-caption\">Cr\u00e9dit Photo: Scott Murdoch<\/figcaption><\/figure>\n<\/div>\n\n\n<p class=\"has-text-align-center has-medium-font-size\"><br>Vous souhaitez vous informer sur moi ou sur ma m\u00e9thode?<\/p>\n\n\n\n<ul class=\"wp-block-list\">\n<li><strong><a href=\"http:\/\/www.alterego-educationcanine.fr\/index.php\/amelie\/\">ma page de pr\u00e9sentation<\/a><\/strong><\/li>\n\n\n\n<li><strong><a href=\"http:\/\/www.alterego-educationcanine.fr\/index.php\/ma-methode\/\">ma m\u00e9thode de travail en \u00e9ducation canine<\/a><\/strong><\/li>\n<\/ul>\n\n\n\n<p class=\"has-text-align-center has-medium-font-size\"><br>Vous recherchez un service sp\u00e9cifique?<\/p>\n\n\n\n<ul class=\"wp-block-list\">\n<li><strong><a href=\"http:\/\/www.alterego-educationcanine.fr\/index.php\/education-canine\/\">Education canine \u00e0 Bordeaux, CUB et Gironde<\/a><\/strong><\/li>\n\n\n\n<li><a aria-label=\"Comportement f\u00e9lin \u00e0 Bordeaux, CUB et Gironde (opens in a new tab)\" href=\"http:\/\/www.alterego-educationcanine.fr\/index.php\/comportement-felin\/\" target=\"_blank\" rel=\"noreferrer noopener\"><strong>Comportement f\u00e9lin \u00e0 Bordeaux, CUB et Gironde<\/strong><\/a><\/li>\n\n\n\n<li><strong><a href=\"http:\/\/www.alterego-educationcanine.fr\/index.php\/promenades-de-chien\/\">Promenade de chien \u00e0 Cenon et Bordeaux Bastide<\/a><\/strong><\/li>\n\n\n\n<li><strong><a href=\"http:\/\/www.alterego-educationcanine.fr\/index.php\/chats-et-nac\/\">Pet Sitting \u00e0 Cenon et Bordeaux Bastide<\/a><\/strong><\/li>\n<\/ul>\n\n\n\n<p class=\"has-text-align-center has-medium-font-size\"><br>Vous avez des questions concernant mes tarifs?<\/p>\n\n\n\n<ul class=\"wp-block-list\">\n<li><strong><a href=\"http:\/\/www.alterego-educationcanine.fr\/index.php\/education-canine-2\/\">Tarifs Education canine \u00e0 Bordeaux, CUB et Gironde<\/a><\/strong><\/li>\n\n\n\n<li><strong><a aria-label=\"Tarifs Comportement f\u00e9lin \u00e0 Bordeaux, CUB et Gironde (opens in a new tab)\" href=\"http:\/\/www.alterego-educationcanine.fr\/index.php\/tarifs-comportement-felin-2\/\" target=\"_blank\" rel=\"noreferrer noopener\">Tarifs Comportement f\u00e9lin \u00e0 Bordeaux, CUB et Gironde<\/a><\/strong><\/li>\n\n\n\n<li><strong><a href=\"http:\/\/www.alterego-educationcanine.fr\/index.php\/promenades-de-chien-2\/\">Tarifs Promenade de chien \u00e0 Cenon et Bordeaux Bastide<\/a><\/strong><\/li>\n\n\n\n<li><strong><a href=\"http:\/\/www.alterego-educationcanine.fr\/index.php\/pet-sitting\/\">Tarifs Pet Sitting \u00e0 Cenon et Bordeaux Bastide<\/a><\/strong><\/li>\n<\/ul>\n\n\n\n<p class=\"has-text-align-center has-medium-font-size\"><br>Vous n&rsquo;avez pas trouv\u00e9 l&rsquo;information recherch\u00e9e?<br><br><\/p>\n\n\n\n<p class=\"has-text-align-center\">\n\n<a class=\"maxbutton-1 maxbutton maxbutton-me-contacter\" href=\"\/index.php\/me-contacter\/\"><span class='mb-text'>ME CONTACTER<\/span><\/a>\n\n<\/p>\n","protected":false},"excerpt":{"rendered":"<p>Voici un petit sommaire pour aller \u00e0 l&rsquo;essentiel et simplifier votre navigation sur le site d&rsquo;Am\u00e9lie Chatenet, \u00e9ducatrice comportementaliste canin, comportementaliste f\u00e9lin et pet sitter professionnelle \u00e0 Bordeaux et Cenon. Vous souhaitez vous informer sur moi ou sur ma m\u00e9thode? Vous recherchez un service sp\u00e9cifique? Vous avez des questions concernant mes tarifs? Vous n&rsquo;avez pas trouv\u00e9 l&rsquo;information recherch\u00e9e?<\/p>\n","protected":false},"author":1,"featured_media":0,"parent":0,"menu_order":0,"comment_status":"closed","ping_status":"closed","template":"","meta":{"_monsterinsights_skip_tracking":false,"_monsterinsights_sitenote_active":false,"_monsterinsights_sitenote_note":"","_monsterinsights_sitenote_category":0,"footnotes":""},"class_list":["post-130","page","type-page","status-publish","hentry"],"_links":{"self":[{"href":"https:\/\/www.alterego-educationcanine.fr\/index.php\/wp-json\/wp\/v2\/pages\/130","targetHints":{"allow":["GET"]}}],"collection":[{"href":"https:\/\/www.alterego-educationcanine.fr\/index.php\/wp-json\/wp\/v2\/pages"}],"about":[{"href":"https:\/\/www.alterego-educationcanine.fr\/index.php\/wp-json\/wp\/v2\/types\/page"}],"author":[{"embeddable":true,"href":"https:\/\/www.alterego-educationcanine.fr\/index.php\/wp-json\/wp\/v2\/users\/1"}],"replies":[{"embeddable":true,"href":"https:\/\/www.alterego-educationcanine.fr\/index.php\/wp-json\/wp\/v2\/comments?post=130"}],"version-history":[{"count":7,"href":"https:\/\/www.alterego-educationcanine.fr\/index.php\/wp-json\/wp\/v2\/pages\/130\/revisions"}],"predecessor-version":[{"id":656,"href":"https:\/\/www.alterego-educationcanine.fr\/index.php\/wp-json\/wp\/v2\/pages\/130\/revisions\/656"}],"wp:attachment":[{"href":"https:\/\/www.alterego-educationcanine.fr\/index.php\/wp-json\/wp\/v2\/media?parent=130"}],"curies":[{"name":"wp","href":"https:\/\/api.w.org\/{rel}","templated":true}]}}