{"id":116,"date":"2019-05-06T20:52:26","date_gmt":"2019-05-06T18:52:26","guid":{"rendered":"http:\/\/www.alterego-educationcanine.fr\/?page_id=116"},"modified":"2019-06-10T20:23:51","modified_gmt":"2019-06-10T18:23:51","slug":"ma-methode","status":"publish","type":"page","link":"https:\/\/www.alterego-educationcanine.fr\/index.php\/ma-methode\/","title":{"rendered":"Ma m\u00e9thode"},"content":{"rendered":"\n<blockquote style=\"text-align:center\" class=\"wp-block-quote is-layout-flow wp-block-quote-is-layout-flow\"><p>\u00ab\u00a0Patience et longueur de temps font plus que force ni que rage\u00a0\u00bb <\/p><cite>Jean de La Fontaine<\/cite><\/blockquote>\n\n\n\n<div class=\"wp-block-image\"><figure class=\"alignleft is-resized\"><img loading=\"lazy\" decoding=\"async\" src=\"http:\/\/www.alterego-educationcanine.fr\/wp-content\/uploads\/2019\/05\/horse-nose-1024x683.jpg\" alt=\"\" class=\"wp-image-149\" width=\"512\" height=\"342\" srcset=\"https:\/\/www.alterego-educationcanine.fr\/wp-content\/uploads\/2019\/05\/horse-nose-1024x683.jpg 1024w, https:\/\/www.alterego-educationcanine.fr\/wp-content\/uploads\/2019\/05\/horse-nose-300x200.jpg 300w, https:\/\/www.alterego-educationcanine.fr\/wp-content\/uploads\/2019\/05\/horse-nose-768x512.jpg 768w, https:\/\/www.alterego-educationcanine.fr\/wp-content\/uploads\/2019\/05\/horse-nose-1140x760.jpg 1140w\" sizes=\"auto, (max-width: 512px) 100vw, 512px\" \/><figcaption>Cr\u00e9dit Photo: Nicole de Khors <\/figcaption><\/figure><\/div>\n\n\n\n<p>Mon parcours avec les animaux a\ncommenc\u00e9 \u00e0 l\u2019\u00e2ge de 5 ans avec ma pratique de l\u2019\u00e9quitation classique. A dos de\nponey puis \u00e0 cheval, je m\u2019entrainais chaque samedi \u00e0 \u00ab&nbsp;dompter la\nb\u00eate&nbsp;\u00bb, \u00e0 m\u2019imposer face \u00e0 une force brute, \u00e0 me faire respecter\u2026 mais aussi\net surtout, \u00e0 \u00e9teindre la petite voix au fond de moi qui me hurlait \u00ab&nbsp;ne\nfais pas \u00e7a&nbsp;! ce n\u2019est pas bien&nbsp;!&nbsp;\u00bb<\/p>\n\n\n\n<p>Jusqu\u2019au jour o\u00f9 Farusse est entr\u00e9e dans ma vie et a \u00e9branl\u00e9 mes certitudes. Fougueuse, g\u00e9n\u00e9reuse, nerveuse\u2026 stress\u00e9e, apeur\u00e9e, p\u00e9trifi\u00e9e\u2026 Chaque s\u00e9ance finissait de la m\u00eame fa\u00e7on&nbsp;: une jument qui avait lutt\u00e9 d\u00e9sesp\u00e9r\u00e9ment pour r\u00e9pondre avec une pr\u00e9cision d\u2019orf\u00e8vre aux demandes chaotiques de ses cavaliers en formation. Une jument qui faisait face au stress et \u00e0 la d\u00e9tresse en embarquant ses cavaliers dans des galops paniqu\u00e9s, se jetant au-dessus des obstacles qui entravaient sa route comme s\u2019il s\u2019agissait d\u2019un gigantesque pr\u00e9cipice. <br><br><br><\/p>\n\n\n\n<div class=\"wp-block-image\"><figure class=\"alignright is-resized\"><img loading=\"lazy\" decoding=\"async\" src=\"http:\/\/www.alterego-educationcanine.fr\/wp-content\/uploads\/2019\/05\/chocolate-lab-dog_4460x4460-1-1024x683.jpg\" alt=\"\" class=\"wp-image-150\" width=\"512\" height=\"342\" srcset=\"https:\/\/www.alterego-educationcanine.fr\/wp-content\/uploads\/2019\/05\/chocolate-lab-dog_4460x4460-1-1024x683.jpg 1024w, https:\/\/www.alterego-educationcanine.fr\/wp-content\/uploads\/2019\/05\/chocolate-lab-dog_4460x4460-1-300x200.jpg 300w, https:\/\/www.alterego-educationcanine.fr\/wp-content\/uploads\/2019\/05\/chocolate-lab-dog_4460x4460-1-768x512.jpg 768w, https:\/\/www.alterego-educationcanine.fr\/wp-content\/uploads\/2019\/05\/chocolate-lab-dog_4460x4460-1-1140x760.jpg 1140w\" sizes=\"auto, (max-width: 512px) 100vw, 512px\" \/><figcaption>Cr\u00e9dit Photo: Nicole de Khors<\/figcaption><\/figure><\/div>\n\n\n\n<p>Cette petite jument \u00e0 bout de souffle qui me regardait avec ses yeux r\u00e9vuls\u00e9s, les naseaux dilat\u00e9s et l\u2019encolure en sueur, cette belle Farusse avait plant\u00e9 sa graine et elle finirait par germer. Et en effet, cette graine a germ\u00e9 quelques ann\u00e9es plus tard \u00e0 l\u2019occasion de ma rencontre avec June, lib\u00e9rant la petite voix d\u2019antan qui me tordait de l\u2019int\u00e9rieur et me r\u00e9p\u00e9tait que ce que je faisais n\u2019\u00e9tait pas \u00ab bien \u00bb.<\/p>\n\n\n\n<p>Cette torsion int\u00e9rieure, je la ressentais \u00e0 nouveau en appliquant avec mon chien les conseils h\u00e9rit\u00e9s de la th\u00e9orie de la dominance et \u00e0 chaque fois que je tentais de m\u2019imposer ou de dominer. Je m\u2019appliquais \u00e0 \u00ab faire bien \u00bb et pourtant, je me sentais mal. Il fallait que je comprenne pourquoi ! J\u2019ai alors remis en question ma pratique, mes connaissances, les ouvrages que j\u2019avais lus, ce que je croyais savoir des animaux et j\u2019ai actualis\u00e9 mes connaissances, je me suis form\u00e9e et inform\u00e9e et j\u2019ai travaill\u00e9, beaucoup !<br><br><br><\/p>\n\n\n\n<div class=\"wp-block-image\"><figure class=\"alignleft is-resized\"><img loading=\"lazy\" decoding=\"async\" src=\"http:\/\/www.alterego-educationcanine.fr\/wp-content\/uploads\/2019\/05\/team-hands-in-1024x683.jpg\" alt=\"\" class=\"wp-image-151\" width=\"512\" height=\"342\" srcset=\"https:\/\/www.alterego-educationcanine.fr\/wp-content\/uploads\/2019\/05\/team-hands-in-1024x683.jpg 1024w, https:\/\/www.alterego-educationcanine.fr\/wp-content\/uploads\/2019\/05\/team-hands-in-300x200.jpg 300w, https:\/\/www.alterego-educationcanine.fr\/wp-content\/uploads\/2019\/05\/team-hands-in-768x512.jpg 768w, https:\/\/www.alterego-educationcanine.fr\/wp-content\/uploads\/2019\/05\/team-hands-in-1140x760.jpg 1140w\" sizes=\"auto, (max-width: 512px) 100vw, 512px\" \/><figcaption>Cr\u00e9dit Photo: Nicole de Khors <\/figcaption><\/figure><\/div>\n\n\n\n<p>Durant cette difficile remise en question, j\u2019ai appris les lois de l\u2019apprentissage, les sciences du comportement, la psychologie canine, les codes de communication et la gestion des \u00e9motions. L\u2019\u00e9thologie, la psychologie, les neurosciences, tant de disciplines qui nous permettent de mieux comprendre nos compagnons, de mettre fin aux id\u00e9es re\u00e7ues sur la dominance, de mieux appr\u00e9hender les apprentissages et d\u2019\u00eatre plus justes dans notre travail avec nos animaux !<\/p>\n\n\n\n<p>C\u2019est pourquoi je m\u2019efforce d&rsquo;utiliser des m\u00e9thodes positives et bienveillantes qui n\u2019occasionnent ni douleur ni stress au chien o\u00f9 \u00e0 l\u2019humain. Je garde en t\u00eate que mon \u00e9l\u00e8ve doit \u00eatre en succ\u00e8s, avoir envie de travailler et \u00eatre toujours r\u00e9compens\u00e9 pour ses efforts afin d\u2019\u00e9tablir une coop\u00e9ration sereine et \u00e9quitable. Il n\u2019y a alors plus de ma\u00eetre et d\u2019oblig\u00e9, de dominant et de domin\u00e9 ni d\u2019expert et de novice. Il n\u2019y a que des \u00eatres vivants qui communiquent, coop\u00e8rent et tissent des liens vers la r\u00e9ussite, comme des alter ego !<\/p>\n","protected":false},"excerpt":{"rendered":"<p>\u00ab\u00a0Patience et longueur de temps font plus que force ni que rage\u00a0\u00bb Jean de La Fontaine Mon parcours avec les animaux a commenc\u00e9 \u00e0 l\u2019\u00e2ge de 5 ans avec ma pratique de l\u2019\u00e9quitation classique. A dos de poney puis \u00e0 cheval, je m\u2019entrainais chaque samedi \u00e0 \u00ab&nbsp;dompter la b\u00eate&nbsp;\u00bb, \u00e0 m\u2019imposer face \u00e0 une force brute, \u00e0 me faire respecter\u2026 mais aussi et surtout, \u00e0 \u00e9teindre la petite voix au fond de moi qui me hurlait \u00ab&nbsp;ne fais pas \u00e7a&nbsp;! ce n\u2019est pas bien&nbsp;!&nbsp;\u00bb Jusqu\u2019au jour o\u00f9 Farusse est entr\u00e9e dans ma vie et a \u00e9branl\u00e9 mes certitudes. Fougueuse, g\u00e9n\u00e9reuse, nerveuse\u2026 stress\u00e9e, apeur\u00e9e, p\u00e9trifi\u00e9e\u2026 Chaque s\u00e9ance finissait de la m\u00eame fa\u00e7on&nbsp;: une jument qui avait lutt\u00e9 d\u00e9sesp\u00e9r\u00e9ment pour r\u00e9pondre avec une pr\u00e9cision d\u2019orf\u00e8vre aux demandes chaotiques de ses cavaliers en formation. Une jument qui faisait face au stress et \u00e0 la d\u00e9tresse en embarquant ses cavaliers dans des galops paniqu\u00e9s, se jetant au-dessus des obstacles qui entravaient sa route comme s\u2019il s\u2019agissait d\u2019un gigantesque pr\u00e9cipice. Cette petite jument \u00e0 bout de souffle qui me regardait avec ses yeux r\u00e9vuls\u00e9s, les naseaux dilat\u00e9s et l\u2019encolure en sueur, cette belle Farusse avait plant\u00e9 sa graine et elle finirait par germer. Et en effet, cette graine a germ\u00e9 quelques ann\u00e9es plus tard \u00e0 l\u2019occasion de ma rencontre avec June, lib\u00e9rant la petite voix d\u2019antan qui me tordait de l\u2019int\u00e9rieur et me r\u00e9p\u00e9tait que ce que je faisais n\u2019\u00e9tait pas \u00ab bien \u00bb. Cette torsion int\u00e9rieure, je la ressentais \u00e0 nouveau en appliquant avec mon chien les conseils h\u00e9rit\u00e9s de la th\u00e9orie de la dominance et \u00e0 chaque fois que je tentais de m\u2019imposer ou de dominer. Je m\u2019appliquais \u00e0 \u00ab faire bien \u00bb et pourtant, je me sentais mal. Il fallait que je comprenne pourquoi ! J\u2019ai alors remis en question ma pratique, mes connaissances, les ouvrages que j\u2019avais lus, ce que je croyais savoir des animaux et j\u2019ai actualis\u00e9 mes connaissances, je me suis form\u00e9e et inform\u00e9e et j\u2019ai travaill\u00e9, beaucoup ! Durant cette difficile remise en question, j\u2019ai appris les lois de l\u2019apprentissage, les sciences du comportement, la psychologie canine, les codes de communication et la gestion des \u00e9motions. L\u2019\u00e9thologie, la psychologie, les neurosciences, tant de disciplines qui nous permettent de mieux comprendre nos compagnons, de mettre fin aux id\u00e9es re\u00e7ues sur la dominance, de mieux appr\u00e9hender les apprentissages et d\u2019\u00eatre plus justes dans notre travail avec nos animaux ! C\u2019est pourquoi je m\u2019efforce d&rsquo;utiliser des m\u00e9thodes positives et bienveillantes qui n\u2019occasionnent ni douleur ni stress au chien o\u00f9 \u00e0 l\u2019humain. Je garde en t\u00eate que mon \u00e9l\u00e8ve doit \u00eatre en succ\u00e8s, avoir envie de travailler et \u00eatre toujours r\u00e9compens\u00e9 pour ses efforts afin d\u2019\u00e9tablir une coop\u00e9ration sereine et \u00e9quitable. Il n\u2019y a alors plus de ma\u00eetre et d\u2019oblig\u00e9, de dominant et de domin\u00e9 ni d\u2019expert et de novice. Il n\u2019y a que des \u00eatres vivants qui communiquent, coop\u00e8rent et tissent des liens vers la r\u00e9ussite, comme des alter ego !<\/p>\n","protected":false},"author":1,"featured_media":0,"parent":0,"menu_order":0,"comment_status":"closed","ping_status":"closed","template":"","meta":{"_monsterinsights_skip_tracking":false,"_monsterinsights_sitenote_active":false,"_monsterinsights_sitenote_note":"","_monsterinsights_sitenote_category":0,"footnotes":""},"class_list":["post-116","page","type-page","status-publish","hentry"],"_links":{"self":[{"href":"https:\/\/www.alterego-educationcanine.fr\/index.php\/wp-json\/wp\/v2\/pages\/116","targetHints":{"allow":["GET"]}}],"collection":[{"href":"https:\/\/www.alterego-educationcanine.fr\/index.php\/wp-json\/wp\/v2\/pages"}],"about":[{"href":"https:\/\/www.alterego-educationcanine.fr\/index.php\/wp-json\/wp\/v2\/types\/page"}],"author":[{"embeddable":true,"href":"https:\/\/www.alterego-educationcanine.fr\/index.php\/wp-json\/wp\/v2\/users\/1"}],"replies":[{"embeddable":true,"href":"https:\/\/www.alterego-educationcanine.fr\/index.php\/wp-json\/wp\/v2\/comments?post=116"}],"version-history":[{"count":8,"href":"https:\/\/www.alterego-educationcanine.fr\/index.php\/wp-json\/wp\/v2\/pages\/116\/revisions"}],"predecessor-version":[{"id":377,"href":"https:\/\/www.alterego-educationcanine.fr\/index.php\/wp-json\/wp\/v2\/pages\/116\/revisions\/377"}],"wp:attachment":[{"href":"https:\/\/www.alterego-educationcanine.fr\/index.php\/wp-json\/wp\/v2\/media?parent=116"}],"curies":[{"name":"wp","href":"https:\/\/api.w.org\/{rel}","templated":true}]}}