{"id":114,"date":"2019-05-06T20:52:11","date_gmt":"2019-05-06T18:52:11","guid":{"rendered":"http:\/\/www.alterego-educationcanine.fr\/?page_id=114"},"modified":"2019-05-17T19:03:51","modified_gmt":"2019-05-17T17:03:51","slug":"mon-parcours","status":"publish","type":"page","link":"https:\/\/www.alterego-educationcanine.fr\/index.php\/mon-parcours\/","title":{"rendered":"Mon parcours"},"content":{"rendered":"\n<div class=\"wp-block-image\"><figure class=\"alignright is-resized\"><img loading=\"lazy\" decoding=\"async\" src=\"http:\/\/www.alterego-educationcanine.fr\/wp-content\/uploads\/2019\/05\/P1060510-768x1024.jpg\" alt=\"\" class=\"wp-image-227\" width=\"384\" height=\"512\" srcset=\"https:\/\/www.alterego-educationcanine.fr\/wp-content\/uploads\/2019\/05\/P1060510-768x1024.jpg 768w, https:\/\/www.alterego-educationcanine.fr\/wp-content\/uploads\/2019\/05\/P1060510-225x300.jpg 225w, https:\/\/www.alterego-educationcanine.fr\/wp-content\/uploads\/2019\/05\/P1060510-1140x1520.jpg 1140w\" sizes=\"auto, (max-width: 384px) 100vw, 384px\" \/><\/figure><\/div>\n\n\n\n<p>Mon parcours professionnel a \u00e9trangement d\u00e9marr\u00e9 avec une <strong>Licence en Histoire de l&rsquo;Art et Arch\u00e9ologie<\/strong> puis par un <strong>Master en Marketing et Communication<\/strong> r\u00e9alis\u00e9 \u00e0 Bordeaux. Bien que sans rapport avec les animaux, ce cursus r\u00e9pondait d\u00e9j\u00e0 \u00e0 une importante envie d&rsquo;observer, d&rsquo;analyser, de comprendre autrui et de partager de l&rsquo;information et des connaissances.<\/p>\n\n\n\n<p>Toutefois, je restais sur ma faim et gardais en t\u00eate l&rsquo;envie de travailler avec et pour les animaux. Ma vie personnelle et l&rsquo;arriv\u00e9e de mon chien m&rsquo;incitaient par ailleurs \u00e0 repenser mon rapport \u00e0 l&rsquo;animal et notamment aux chiens. Je passais de longues heures \u00e0 accumuler du contenu sur les diff\u00e9rentes m\u00e9thodes d&rsquo;\u00e9ducation et \u00e0 \u00eatre spectatrice du d\u00e9sarroi de certains \u00ab\u00a0ma\u00eetres\u00a0\u00bb face aux difficult\u00e9s rencontr\u00e9es avec leur compagnon canin.<\/p>\n\n\n\n<p>Tout ceci m&rsquo;a finalement pouss\u00e9e \u00e0 entreprendre une reconversion professionnelle et \u00e0 int\u00e9grer le <strong>Brevet Professionnel d&rsquo;Educateur canin<\/strong> du CFPPA des Landes. J&rsquo;ai par ailleurs pass\u00e9 l&rsquo;<strong>ACACED<\/strong> (ancien CCAD) chats et NAC \u00e0 Blanquefort, me permettant de d\u00e9velopper une activit\u00e9 de pet-sitting \u00e0 Bordeaux et sur la CUB en parall\u00e8le de l&rsquo;\u00e9ducation canine que je propose \u00e0 Bordeaux mais aussi sur la CUB et dans toute la Gironde.<br><br>Ce cursus s&rsquo;enrichit et s&rsquo;\u00e9toffe r\u00e9guli\u00e8rement depuis: Premiers Secours Animaliers, Clicker Training, Introduction aux chiens r\u00e9gulateurs, Formation Chien Agressif, Entra\u00eenement au Pistage&#8230; toutes ces formations me permettent d&rsquo;en apprendre toujours plus afin d&rsquo;\u00e9tablir une prise en charge la plus juste et efficace possible en collaboration avec chacun de vous.<\/p>\n","protected":false},"excerpt":{"rendered":"<p>Mon parcours professionnel a \u00e9trangement d\u00e9marr\u00e9 avec une Licence en Histoire de l&rsquo;Art et Arch\u00e9ologie puis par un Master en Marketing et Communication r\u00e9alis\u00e9 \u00e0 Bordeaux. Bien que sans rapport avec les animaux, ce cursus r\u00e9pondait d\u00e9j\u00e0 \u00e0 une importante envie d&rsquo;observer, d&rsquo;analyser, de comprendre autrui et de partager de l&rsquo;information et des connaissances. Toutefois, je restais sur ma faim et gardais en t\u00eate l&rsquo;envie de travailler avec et pour les animaux. Ma vie personnelle et l&rsquo;arriv\u00e9e de mon chien m&rsquo;incitaient par ailleurs \u00e0 repenser mon rapport \u00e0 l&rsquo;animal et notamment aux chiens. Je passais de longues heures \u00e0 accumuler du contenu sur les diff\u00e9rentes m\u00e9thodes d&rsquo;\u00e9ducation et \u00e0 \u00eatre spectatrice du d\u00e9sarroi de certains \u00ab\u00a0ma\u00eetres\u00a0\u00bb face aux difficult\u00e9s rencontr\u00e9es avec leur compagnon canin. Tout ceci m&rsquo;a finalement pouss\u00e9e \u00e0 entreprendre une reconversion professionnelle et \u00e0 int\u00e9grer le Brevet Professionnel d&rsquo;Educateur canin du CFPPA des Landes. J&rsquo;ai par ailleurs pass\u00e9 l&rsquo;ACACED (ancien CCAD) chats et NAC \u00e0 Blanquefort, me permettant de d\u00e9velopper une activit\u00e9 de pet-sitting \u00e0 Bordeaux et sur la CUB en parall\u00e8le de l&rsquo;\u00e9ducation canine que je propose \u00e0 Bordeaux mais aussi sur la CUB et dans toute la Gironde. Ce cursus s&rsquo;enrichit et s&rsquo;\u00e9toffe r\u00e9guli\u00e8rement depuis: Premiers Secours Animaliers, Clicker Training, Introduction aux chiens r\u00e9gulateurs, Formation Chien Agressif, Entra\u00eenement au Pistage&#8230; toutes ces formations me permettent d&rsquo;en apprendre toujours plus afin d&rsquo;\u00e9tablir une prise en charge la plus juste et efficace possible en collaboration avec chacun de vous.<\/p>\n","protected":false},"author":1,"featured_media":0,"parent":0,"menu_order":0,"comment_status":"closed","ping_status":"closed","template":"","meta":{"_monsterinsights_skip_tracking":false,"_monsterinsights_sitenote_active":false,"_monsterinsights_sitenote_note":"","_monsterinsights_sitenote_category":0,"footnotes":""},"class_list":["post-114","page","type-page","status-publish","hentry"],"_links":{"self":[{"href":"https:\/\/www.alterego-educationcanine.fr\/index.php\/wp-json\/wp\/v2\/pages\/114","targetHints":{"allow":["GET"]}}],"collection":[{"href":"https:\/\/www.alterego-educationcanine.fr\/index.php\/wp-json\/wp\/v2\/pages"}],"about":[{"href":"https:\/\/www.alterego-educationcanine.fr\/index.php\/wp-json\/wp\/v2\/types\/page"}],"author":[{"embeddable":true,"href":"https:\/\/www.alterego-educationcanine.fr\/index.php\/wp-json\/wp\/v2\/users\/1"}],"replies":[{"embeddable":true,"href":"https:\/\/www.alterego-educationcanine.fr\/index.php\/wp-json\/wp\/v2\/comments?post=114"}],"version-history":[{"count":5,"href":"https:\/\/www.alterego-educationcanine.fr\/index.php\/wp-json\/wp\/v2\/pages\/114\/revisions"}],"predecessor-version":[{"id":353,"href":"https:\/\/www.alterego-educationcanine.fr\/index.php\/wp-json\/wp\/v2\/pages\/114\/revisions\/353"}],"wp:attachment":[{"href":"https:\/\/www.alterego-educationcanine.fr\/index.php\/wp-json\/wp\/v2\/media?parent=114"}],"curies":[{"name":"wp","href":"https:\/\/api.w.org\/{rel}","templated":true}]}}