{"id":513,"date":"2026-03-24T12:25:51","date_gmt":"2026-03-24T11:25:51","guid":{"rendered":"http:\/\/www.alterego-educationcanine.fr\/?page_id=513"},"modified":"2026-03-24T12:25:51","modified_gmt":"2026-03-24T11:25:51","slug":"darkhan","status":"publish","type":"page","link":"http:\/\/www.alterego-educationcanine.fr\/index.php\/darkhan\/","title":{"rendered":"Darkhan"},"content":{"rendered":"\n<p><\/p>\n\n\n\n<div class=\"wp-block-columns is-layout-flex wp-container-core-columns-is-layout-9d6595d7 wp-block-columns-is-layout-flex\">\n<div class=\"wp-block-column is-layout-flow wp-block-column-is-layout-flow\" style=\"flex-basis:100%\"><div class=\"wp-block-image\">\n<figure class=\"alignleft size-large is-resized\"><img loading=\"lazy\" decoding=\"async\" width=\"1004\" height=\"1024\" src=\"https:\/\/www.alterego-educationcanine.fr\/wp-content\/uploads\/2026\/03\/WhatsApp-Image-2026-03-24-at-12.02.50-1004x1024.jpeg\" alt=\"\" class=\"wp-image-669\" style=\"aspect-ratio:0.9804864411518032;width:468px;height:auto\" srcset=\"http:\/\/www.alterego-educationcanine.fr\/wp-content\/uploads\/2026\/03\/WhatsApp-Image-2026-03-24-at-12.02.50-1004x1024.jpeg 1004w, http:\/\/www.alterego-educationcanine.fr\/wp-content\/uploads\/2026\/03\/WhatsApp-Image-2026-03-24-at-12.02.50-294x300.jpeg 294w, http:\/\/www.alterego-educationcanine.fr\/wp-content\/uploads\/2026\/03\/WhatsApp-Image-2026-03-24-at-12.02.50-768x784.jpeg 768w, http:\/\/www.alterego-educationcanine.fr\/wp-content\/uploads\/2026\/03\/WhatsApp-Image-2026-03-24-at-12.02.50-1505x1536.jpeg 1505w, http:\/\/www.alterego-educationcanine.fr\/wp-content\/uploads\/2026\/03\/WhatsApp-Image-2026-03-24-at-12.02.50-1140x1163.jpeg 1140w, http:\/\/www.alterego-educationcanine.fr\/wp-content\/uploads\/2026\/03\/WhatsApp-Image-2026-03-24-at-12.02.50-75x75.jpeg 75w, http:\/\/www.alterego-educationcanine.fr\/wp-content\/uploads\/2026\/03\/WhatsApp-Image-2026-03-24-at-12.02.50.jpeg 1568w\" sizes=\"auto, (max-width: 1004px) 100vw, 1004px\" \/><\/figure>\n<\/div>\n\n\n<div class=\"wp-block-columns is-layout-flex wp-container-core-columns-is-layout-9d6595d7 wp-block-columns-is-layout-flex\">\n<div class=\"wp-block-column is-layout-flow wp-block-column-is-layout-flow\">\n<p style=\"text-align: justify;\">Un soir de juillet 2024, une de mes amies me demande si j&rsquo;envisage de reprendre un chien. Encore trop marqu\u00e9e par la perte de June, je lui avoue ne pas m&rsquo;en sentir capable et me dire certains jours que je n&rsquo;aurai peut \u00eatre plus jamais de chien dans ma vie. Pourtant ce m\u00eame soir, le hasard m&rsquo;am\u00e8ne sur l&rsquo;annonce d&rsquo;un \u00ab\u00a0petit\u00a0\u00bb chiot de 3 mois \u00e0 l&rsquo;adoption \u00e0 la SPA. Mon coeur loupe un battement. L&rsquo;image de ce chiot me hante toute la nuit, je n&rsquo;en dors pas. Le lendemain, rendez vous est pris pour aller le rencontrer. 10 jours plus tard, Darkhan rejoint la famille pour la vie.<br><br>\u00ab\u00a0Petit\u00a0\u00bb chien de race inconnu (Estrella x Kangal?), Darkhan me pousse \u00e0 aller encore plus loin dans ma compr\u00e9hension du chien. Un caract\u00e8re bien tremp\u00e9, de forts attavismes, une farouche envie de libert\u00e9 et d&rsquo;exploration, un c\u00f4t\u00e9 d\u00e9cisionnaire qui rend difficile pour lui le fait de s&rsquo;en remettre \u00e0 l&rsquo;humain font de lui un chien \u00e0 part, un chien-chat: sensible, c\u00e2lin, ind\u00e9pendant, intransigeant, exigeant, r\u00e9fractaire \u00e0 la contrainte, tr\u00e8s d\u00e9stabilis\u00e9 par les fluctuations d&rsquo;humeur et surtout, pas du tout int\u00e9ress\u00e9 par le travail avec l&rsquo;humain, peu importe la r\u00e9compense \u00e0 la cl\u00e9&#8230; presque un animal un peu sauvage qu&rsquo;il faut apprivoiser chaque jour, mettre en confiance et convaincre pas \u00e0 pas de coop\u00e9rer. Une vraie le\u00e7on de vie, tout autant que l&rsquo;a \u00e9t\u00e9 mon amour de June mais sur un tout autre chapitre. Aujourd&rsquo;hui, je n&rsquo;\u00e9changerais Darkhan pour rien au monde.<\/p>\n<\/div>\n<\/div>\n<\/div>\n<\/div>\n","protected":false},"excerpt":{"rendered":"<p>Un soir de juillet 2024, une de mes amies me demande si j&rsquo;envisage de reprendre un chien. Encore trop marqu\u00e9e par la perte de June, je lui avoue ne pas m&rsquo;en sentir capable et me dire certains jours que je n&rsquo;aurai peut \u00eatre plus jamais de chien dans ma vie. Pourtant ce m\u00eame soir, le hasard m&rsquo;am\u00e8ne sur l&rsquo;annonce d&rsquo;un \u00ab\u00a0petit\u00a0\u00bb chiot de 3 mois \u00e0 l&rsquo;adoption \u00e0 la SPA. Mon coeur loupe un battement. L&rsquo;image de ce chiot me hante toute la nuit, je n&rsquo;en dors pas. Le lendemain, rendez vous est pris pour aller le rencontrer. 10 jours plus tard, Darkhan rejoint la famille pour la vie. \u00ab\u00a0Petit\u00a0\u00bb chien de race inconnu (Estrella x Kangal?), Darkhan me pousse \u00e0 aller encore plus loin dans ma compr\u00e9hension du chien. Un caract\u00e8re bien tremp\u00e9, de forts attavismes, une farouche envie de libert\u00e9 et d&rsquo;exploration, un c\u00f4t\u00e9 d\u00e9cisionnaire qui rend difficile pour lui le fait de s&rsquo;en remettre \u00e0 l&rsquo;humain font de lui un chien \u00e0 part, un chien-chat: sensible, c\u00e2lin, ind\u00e9pendant, intransigeant, exigeant, r\u00e9fractaire \u00e0 la contrainte, tr\u00e8s d\u00e9stabilis\u00e9 par les fluctuations d&rsquo;humeur et surtout, pas du tout int\u00e9ress\u00e9 par le travail avec l&rsquo;humain, peu importe la r\u00e9compense \u00e0 la cl\u00e9&#8230; presque un animal un peu sauvage qu&rsquo;il faut apprivoiser chaque jour, mettre en confiance et convaincre pas \u00e0 pas de coop\u00e9rer. Une vraie le\u00e7on de vie, tout autant que l&rsquo;a \u00e9t\u00e9 mon amour de June mais sur un tout autre chapitre. Aujourd&rsquo;hui, je n&rsquo;\u00e9changerais Darkhan pour rien au monde.<\/p>\n","protected":false},"author":1,"featured_media":0,"parent":0,"menu_order":0,"comment_status":"closed","ping_status":"closed","template":"","meta":{"_monsterinsights_skip_tracking":false,"_monsterinsights_sitenote_active":false,"_monsterinsights_sitenote_note":"","_monsterinsights_sitenote_category":0,"footnotes":""},"class_list":["post-513","page","type-page","status-publish","hentry"],"_links":{"self":[{"href":"http:\/\/www.alterego-educationcanine.fr\/index.php\/wp-json\/wp\/v2\/pages\/513","targetHints":{"allow":["GET"]}}],"collection":[{"href":"http:\/\/www.alterego-educationcanine.fr\/index.php\/wp-json\/wp\/v2\/pages"}],"about":[{"href":"http:\/\/www.alterego-educationcanine.fr\/index.php\/wp-json\/wp\/v2\/types\/page"}],"author":[{"embeddable":true,"href":"http:\/\/www.alterego-educationcanine.fr\/index.php\/wp-json\/wp\/v2\/users\/1"}],"replies":[{"embeddable":true,"href":"http:\/\/www.alterego-educationcanine.fr\/index.php\/wp-json\/wp\/v2\/comments?post=513"}],"version-history":[{"count":6,"href":"http:\/\/www.alterego-educationcanine.fr\/index.php\/wp-json\/wp\/v2\/pages\/513\/revisions"}],"predecessor-version":[{"id":673,"href":"http:\/\/www.alterego-educationcanine.fr\/index.php\/wp-json\/wp\/v2\/pages\/513\/revisions\/673"}],"wp:attachment":[{"href":"http:\/\/www.alterego-educationcanine.fr\/index.php\/wp-json\/wp\/v2\/media?parent=513"}],"curies":[{"name":"wp","href":"https:\/\/api.w.org\/{rel}","templated":true}]}}